{"id":55,"date":"2021-07-07T09:57:06","date_gmt":"2021-07-07T09:57:06","guid":{"rendered":"https:\/\/classiccarparts.be\/?page_id=55"},"modified":"2021-09-24T14:42:14","modified_gmt":"2021-09-24T14:42:14","slug":"ccp2","status":"publish","type":"page","link":"https:\/\/classiccarparts.be\/","title":{"rendered":"CCP2"},"content":{"rendered":"\t\t<div data-elementor-type=\"wp-page\" data-elementor-id=\"55\" class=\"elementor elementor-55\" data-elementor-settings=\"[]\">\n\t\t\t\t\t\t\t<div class=\"elementor-section-wrap\">\n\t\t\t\t\t\t\t<section class=\"elementor-section elementor-top-section elementor-element elementor-element-30e6e7e elementor-section-height-min-height elementor-section-boxed elementor-section-height-default elementor-section-items-middle\" data-id=\"30e6e7e\" data-element_type=\"section\" data-settings=\"{&quot;background_background&quot;:&quot;classic&quot;}\">\n\t\t\t\t\t\t<div class=\"elementor-container elementor-column-gap-no\">\n\t\t\t\t\t<div class=\"elementor-column elementor-col-100 elementor-top-column elementor-element elementor-element-37b1e17\" data-id=\"37b1e17\" data-element_type=\"column\">\n\t\t\t<div class=\"elementor-widget-wrap elementor-element-populated\">\n\t\t\t\t\t\t\t\t<section class=\"elementor-section elementor-inner-section elementor-element elementor-element-9675bd2 elementor-section-boxed elementor-section-height-default elementor-section-height-default\" data-id=\"9675bd2\" data-element_type=\"section\" data-settings=\"{&quot;background_background&quot;:&quot;classic&quot;}\">\n\t\t\t\t\t\t<div class=\"elementor-container elementor-column-gap-no\">\n\t\t\t\t\t<div class=\"elementor-column elementor-col-50 elementor-inner-column elementor-element elementor-element-e4b3c68\" data-id=\"e4b3c68\" data-element_type=\"column\" data-settings=\"{&quot;background_background&quot;:&quot;classic&quot;}\">\n\t\t\t<div class=\"elementor-widget-wrap elementor-element-populated\">\n\t\t\t\t\t\t\t\t<div class=\"elementor-element elementor-element-5856051 elementor-widget elementor-widget-text-editor\" data-id=\"5856051\" data-element_type=\"widget\" data-widget_type=\"text-editor.default\">\n\t\t\t\t<div class=\"elementor-widget-container\">\n\t\t\t\t\t\t\t\t<p><strong>Classic Car Parts<\/strong><\/p>\t\t\t\t\t\t<\/div>\n\t\t\t\t<\/div>\n\t\t\t\t\t<\/div>\n\t\t<\/div>\n\t\t\t\t<div class=\"elementor-column elementor-col-50 elementor-inner-column elementor-element elementor-element-358a348\" data-id=\"358a348\" data-element_type=\"column\" data-settings=\"{&quot;background_background&quot;:&quot;classic&quot;}\">\n\t\t\t<div class=\"elementor-widget-wrap elementor-element-populated\">\n\t\t\t\t\t\t\t\t<div class=\"elementor-element elementor-element-f979372 elementor-widget elementor-widget-text-editor\" data-id=\"f979372\" data-element_type=\"widget\" data-widget_type=\"text-editor.default\">\n\t\t\t\t<div class=\"elementor-widget-container\">\n\t\t\t\t\t\t\t\t<p><span style=\"color: #333300;\"><strong>Vente de pi\u00e8ces pour la r\u00e9novation et l&#8217;entretien de voitures de collection. <\/strong><\/span><br \/><span style=\"color: #333300;\"><strong>Profiles et fournitures pour carrosserie, industrie et garnissages.<\/strong><\/span><br \/><span style=\"color: #333300;\"><strong>Gamme compl\u00e8te des produits de r\u00e9novation et d&#8217;entretien BELGOM.<\/strong><\/span><br \/><span style=\"color: #ffffff;\"><strong>Belgique &#8211; France &#8211; Luxembourg<\/strong><\/span><\/p>\t\t\t\t\t\t<\/div>\n\t\t\t\t<\/div>\n\t\t\t\t\t<\/div>\n\t\t<\/div>\n\t\t\t\t\t\t\t<\/div>\n\t\t<\/section>\n\t\t\t\t\t<\/div>\n\t\t<\/div>\n\t\t\t\t\t\t\t<\/div>\n\t\t<\/section>\n\t\t\t\t<section class=\"elementor-section elementor-top-section elementor-element elementor-element-30c38f2 elementor-section-height-min-height elementor-section-boxed elementor-section-height-default elementor-section-items-middle\" data-id=\"30c38f2\" data-element_type=\"section\" data-settings=\"{&quot;background_background&quot;:&quot;classic&quot;}\">\n\t\t\t\t\t\t<div class=\"elementor-container elementor-column-gap-no\">\n\t\t\t\t\t<div class=\"elementor-column elementor-col-100 elementor-top-column elementor-element elementor-element-d19b463\" data-id=\"d19b463\" data-element_type=\"column\">\n\t\t\t<div class=\"elementor-widget-wrap elementor-element-populated\">\n\t\t\t\t\t\t\t\t<section class=\"elementor-section elementor-inner-section elementor-element elementor-element-9e8544f elementor-section-boxed elementor-section-height-default elementor-section-height-default\" data-id=\"9e8544f\" data-element_type=\"section\">\n\t\t\t\t\t\t<div class=\"elementor-container elementor-column-gap-no\">\n\t\t\t\t\t<div class=\"elementor-column elementor-col-50 elementor-inner-column elementor-element elementor-element-95ef33b\" data-id=\"95ef33b\" data-element_type=\"column\">\n\t\t\t<div class=\"elementor-widget-wrap elementor-element-populated\">\n\t\t\t\t\t\t\t\t<div class=\"elementor-element elementor-element-632d647 elementor-widget elementor-widget-image\" data-id=\"632d647\" data-element_type=\"widget\" data-widget_type=\"image.default\">\n\t\t\t\t<div class=\"elementor-widget-container\">\n\t\t\t\t\t\t\t\t\t\t\t\t\t\t\t<img loading=\"lazy\" decoding=\"async\" width=\"922\" height=\"502\" src=\"https:\/\/classiccarparts.be\/wp-content\/uploads\/2021\/07\/foto01.png\" class=\"attachment-large size-large\" alt=\"\" srcset=\"https:\/\/classiccarparts.be\/wp-content\/uploads\/2021\/07\/foto01.png 922w, https:\/\/classiccarparts.be\/wp-content\/uploads\/2021\/07\/foto01-300x163.png 300w, https:\/\/classiccarparts.be\/wp-content\/uploads\/2021\/07\/foto01-768x418.png 768w\" sizes=\"auto, (max-width: 922px) 100vw, 922px\" \/>\t\t\t\t\t\t\t\t\t\t\t\t\t\t\t<\/div>\n\t\t\t\t<\/div>\n\t\t\t\t\t<\/div>\n\t\t<\/div>\n\t\t\t\t<div class=\"elementor-column elementor-col-50 elementor-inner-column elementor-element elementor-element-cd0e098\" data-id=\"cd0e098\" data-element_type=\"column\" data-settings=\"{&quot;background_background&quot;:&quot;classic&quot;}\">\n\t\t\t<div class=\"elementor-widget-wrap elementor-element-populated\">\n\t\t\t\t\t\t\t\t<div class=\"elementor-element elementor-element-884ef67 elementor-widget elementor-widget-text-editor\" data-id=\"884ef67\" data-element_type=\"widget\" data-widget_type=\"text-editor.default\">\n\t\t\t\t<div class=\"elementor-widget-container\">\n\t\t\t\t\t\t\t\t<p style=\"text-align: left; padding-left: 80px;\"><span style=\"color: #ffffff;\"><a style=\"color: #ffffff;\" href=\"https:\/\/classiccarparts.be\"><strong>Accueil<\/strong><\/a><\/span><br \/><span style=\"color: #ffffff;\"><a style=\"color: #ffffff;\" href=\"https:\/\/classiccarparts.be\/?page_id=124\"><strong>Classic Car Parts<\/strong><\/a><\/span><br \/><span style=\"color: #ffffff;\"><a style=\"color: #ffffff;\" href=\"https:\/\/classiccarparts.be\/?page_id=113\"><strong>RV Profil<\/strong><\/a><\/span><br \/><span style=\"color: #ffffff;\"><a style=\"color: #ffffff;\" href=\"https:\/\/classiccarparts.be\/?page_id=132\"><strong>Aussi en magasin<\/strong><\/a><\/span><br \/><span style=\"color: #ffffff;\"><a style=\"color: #ffffff;\" href=\"mailto:rvprofil@skynet.be\"><strong>Contact<\/strong><\/a><\/span><\/p>\t\t\t\t\t\t<\/div>\n\t\t\t\t<\/div>\n\t\t\t\t<div class=\"elementor-element elementor-element-b1de493 elementor-widget elementor-widget-text-editor\" data-id=\"b1de493\" data-element_type=\"widget\" data-widget_type=\"text-editor.default\">\n\t\t\t\t<div class=\"elementor-widget-container\">\n\t\t\t\t\t\t\t\t<p style=\"text-align: center;\">Tel + 32 (0)56 773 100<br \/>E-mail: <strong><span style=\"color: #ffffff;\"><a style=\"color: #ffffff;\" href=\"mailto:info@rvprofil.be\">info@rvprofil.be<\/a><\/span><\/strong><\/p>\t\t\t\t\t\t<\/div>\n\t\t\t\t<\/div>\n\t\t\t\t\t<\/div>\n\t\t<\/div>\n\t\t\t\t\t\t\t<\/div>\n\t\t<\/section>\n\t\t\t\t\t<\/div>\n\t\t<\/div>\n\t\t\t\t\t\t\t<\/div>\n\t\t<\/section>\n\t\t\t\t<section class=\"elementor-section elementor-top-section elementor-element elementor-element-8820f47 elementor-section-boxed elementor-section-height-default elementor-section-height-default\" data-id=\"8820f47\" data-element_type=\"section\" data-settings=\"{&quot;background_background&quot;:&quot;classic&quot;}\">\n\t\t\t\t\t\t<div class=\"elementor-container elementor-column-gap-no\">\n\t\t\t\t\t<div class=\"elementor-column elementor-col-100 elementor-top-column elementor-element elementor-element-fe14316\" data-id=\"fe14316\" data-element_type=\"column\" data-settings=\"{&quot;background_background&quot;:&quot;classic&quot;}\">\n\t\t\t<div class=\"elementor-widget-wrap elementor-element-populated\">\n\t\t\t\t\t\t\t\t<section class=\"elementor-section elementor-inner-section elementor-element elementor-element-49e143a elementor-section-boxed elementor-section-height-default elementor-section-height-default\" data-id=\"49e143a\" data-element_type=\"section\">\n\t\t\t\t\t\t<div class=\"elementor-container elementor-column-gap-default\">\n\t\t\t\t\t<div class=\"elementor-column elementor-col-50 elementor-inner-column elementor-element elementor-element-9fc0551\" data-id=\"9fc0551\" data-element_type=\"column\" data-settings=\"{&quot;background_background&quot;:&quot;classic&quot;}\">\n\t\t\t<div class=\"elementor-widget-wrap elementor-element-populated\">\n\t\t\t\t\t\t\t\t<div class=\"elementor-element elementor-element-2eb7e26 elementor-widget elementor-widget-text-editor\" data-id=\"2eb7e26\" data-element_type=\"widget\" data-widget_type=\"text-editor.default\">\n\t\t\t\t<div class=\"elementor-widget-container\">\n\t\t\t\t\t\t\t\t<h6><strong>Vous \u00eates \u00e0 la recherche d&#8217;\u00e9lements pour votre v\u00e9hicule de collection ?<\/strong><\/h6>\t\t\t\t\t\t<\/div>\n\t\t\t\t<\/div>\n\t\t\t\t\t<\/div>\n\t\t<\/div>\n\t\t\t\t<div class=\"elementor-column elementor-col-50 elementor-inner-column elementor-element elementor-element-c7e2c9d\" data-id=\"c7e2c9d\" data-element_type=\"column\" data-settings=\"{&quot;background_background&quot;:&quot;classic&quot;}\">\n\t\t\t<div class=\"elementor-widget-wrap elementor-element-populated\">\n\t\t\t\t\t\t\t\t<div class=\"elementor-element elementor-element-565c61b elementor-widget elementor-widget-text-editor\" data-id=\"565c61b\" data-element_type=\"widget\" data-widget_type=\"text-editor.default\">\n\t\t\t\t<div class=\"elementor-widget-container\">\n\t\t\t\t\t\t\t\t<h6><span style=\"color: #333300;\"><strong>Fournitures g\u00e9n\u00e9rales pour l&#8217;automobile de collection et profil\u00e9s pour l&#8217;industrie, le nautisme, l&#8217;a\u00e9ronautique.<\/strong><\/span><\/h6>\t\t\t\t\t\t<\/div>\n\t\t\t\t<\/div>\n\t\t\t\t\t<\/div>\n\t\t<\/div>\n\t\t\t\t\t\t\t<\/div>\n\t\t<\/section>\n\t\t\t\t<section class=\"elementor-section elementor-inner-section elementor-element elementor-element-0d82b19 elementor-section-boxed elementor-section-height-default elementor-section-height-default\" data-id=\"0d82b19\" data-element_type=\"section\">\n\t\t\t\t\t\t<div class=\"elementor-container elementor-column-gap-default\">\n\t\t\t\t\t<div class=\"elementor-column elementor-col-25 elementor-inner-column elementor-element elementor-element-3b0d218\" data-id=\"3b0d218\" data-element_type=\"column\" data-settings=\"{&quot;background_background&quot;:&quot;classic&quot;}\">\n\t\t\t<div class=\"elementor-widget-wrap elementor-element-populated\">\n\t\t\t\t\t\t\t\t<div class=\"elementor-element elementor-element-0b5b187 elementor-widget elementor-widget-image\" data-id=\"0b5b187\" data-element_type=\"widget\" data-widget_type=\"image.default\">\n\t\t\t\t<div class=\"elementor-widget-container\">\n\t\t\t\t\t\t\t\t\t\t\t\t\t\t\t<img loading=\"lazy\" decoding=\"async\" width=\"176\" height=\"130\" src=\"https:\/\/classiccarparts.be\/wp-content\/uploads\/2021\/07\/foto02.png\" class=\"attachment-large size-large\" alt=\"\" \/>\t\t\t\t\t\t\t\t\t\t\t\t\t\t\t<\/div>\n\t\t\t\t<\/div>\n\t\t\t\t\t<\/div>\n\t\t<\/div>\n\t\t\t\t<div class=\"elementor-column elementor-col-25 elementor-inner-column elementor-element elementor-element-61b386a\" data-id=\"61b386a\" data-element_type=\"column\" data-settings=\"{&quot;background_background&quot;:&quot;classic&quot;}\">\n\t\t\t<div class=\"elementor-widget-wrap elementor-element-populated\">\n\t\t\t\t\t\t\t\t<div class=\"elementor-element elementor-element-7a70022 elementor-widget elementor-widget-text-editor\" data-id=\"7a70022\" data-element_type=\"widget\" data-widget_type=\"text-editor.default\">\n\t\t\t\t<div class=\"elementor-widget-container\">\n\t\t\t\t\t\t\t\t<p><span style=\"color: #333300;\"><strong>Classic Car Parts Belgium<\/strong><\/span><br \/>Avoir et entretenir une voiture de collection signifie souvent \u00eatre amen\u00e9 \u00e0 passer un certain temps dans la recherche de pi\u00e8ces pour la r\u00e9nover.<\/p>\t\t\t\t\t\t<\/div>\n\t\t\t\t<\/div>\n\t\t\t\t\t<\/div>\n\t\t<\/div>\n\t\t\t\t<div class=\"elementor-column elementor-col-25 elementor-inner-column elementor-element elementor-element-4031d8b\" data-id=\"4031d8b\" data-element_type=\"column\" data-settings=\"{&quot;background_background&quot;:&quot;classic&quot;}\">\n\t\t\t<div class=\"elementor-widget-wrap elementor-element-populated\">\n\t\t\t\t\t\t\t\t<div class=\"elementor-element elementor-element-8afe2d6 elementor-widget elementor-widget-image\" data-id=\"8afe2d6\" data-element_type=\"widget\" data-widget_type=\"image.default\">\n\t\t\t\t<div class=\"elementor-widget-container\">\n\t\t\t\t\t\t\t\t\t\t\t\t\t\t\t<img loading=\"lazy\" decoding=\"async\" width=\"253\" height=\"209\" src=\"https:\/\/classiccarparts.be\/wp-content\/uploads\/2021\/07\/foto06.png\" class=\"attachment-large size-large\" alt=\"\" \/>\t\t\t\t\t\t\t\t\t\t\t\t\t\t\t<\/div>\n\t\t\t\t<\/div>\n\t\t\t\t\t<\/div>\n\t\t<\/div>\n\t\t\t\t<div class=\"elementor-column elementor-col-25 elementor-inner-column elementor-element elementor-element-ae394ac\" data-id=\"ae394ac\" data-element_type=\"column\" data-settings=\"{&quot;background_background&quot;:&quot;classic&quot;}\">\n\t\t\t<div class=\"elementor-widget-wrap elementor-element-populated\">\n\t\t\t\t\t\t\t\t<div class=\"elementor-element elementor-element-2270d40 elementor-widget elementor-widget-text-editor\" data-id=\"2270d40\" data-element_type=\"widget\" data-widget_type=\"text-editor.default\">\n\t\t\t\t<div class=\"elementor-widget-container\">\n\t\t\t\t\t\t\t\t<p><span style=\"color: #ffffff;\"><strong>Sp\u00e9cialiste du profil\u00e9 en Belgique<\/strong><\/span><br \/><span style=\"color: #333300;\">D\u00e9couvrez notre vaste gamme de produits ! Nous sommes organis\u00e9s en deux entit\u00e9s d\u00e9di\u00e9es au monde de la restauration automobile et \u00e0 l&#8217;approvisionnement de profil\u00e9s industriels.<\/span><br \/><span style=\"color: #333300;\">Notre point de vente regroupe une s\u00e9lection d&#8217;articles appr\u00e9ci\u00e9s par les amateurs et les professionnels !<\/span><\/p>\t\t\t\t\t\t<\/div>\n\t\t\t\t<\/div>\n\t\t\t\t\t<\/div>\n\t\t<\/div>\n\t\t\t\t\t\t\t<\/div>\n\t\t<\/section>\n\t\t\t\t<section class=\"elementor-section elementor-inner-section elementor-element elementor-element-6c15634 elementor-section-boxed elementor-section-height-default elementor-section-height-default\" data-id=\"6c15634\" data-element_type=\"section\">\n\t\t\t\t\t\t<div class=\"elementor-container elementor-column-gap-default\">\n\t\t\t\t\t<div class=\"elementor-column elementor-col-25 elementor-inner-column elementor-element elementor-element-c270f6b\" data-id=\"c270f6b\" data-element_type=\"column\" data-settings=\"{&quot;background_background&quot;:&quot;classic&quot;}\">\n\t\t\t<div class=\"elementor-widget-wrap elementor-element-populated\">\n\t\t\t\t\t\t\t\t<div class=\"elementor-element elementor-element-53e137f elementor-widget elementor-widget-image\" data-id=\"53e137f\" data-element_type=\"widget\" data-widget_type=\"image.default\">\n\t\t\t\t<div class=\"elementor-widget-container\">\n\t\t\t\t\t\t\t\t\t\t\t\t\t\t\t<img loading=\"lazy\" decoding=\"async\" width=\"171\" height=\"126\" src=\"https:\/\/classiccarparts.be\/wp-content\/uploads\/2021\/07\/foto03.png\" class=\"attachment-large size-large\" alt=\"\" \/>\t\t\t\t\t\t\t\t\t\t\t\t\t\t\t<\/div>\n\t\t\t\t<\/div>\n\t\t\t\t\t<\/div>\n\t\t<\/div>\n\t\t\t\t<div class=\"elementor-column elementor-col-25 elementor-inner-column elementor-element elementor-element-891c063\" data-id=\"891c063\" data-element_type=\"column\" data-settings=\"{&quot;background_background&quot;:&quot;classic&quot;}\">\n\t\t\t<div class=\"elementor-widget-wrap elementor-element-populated\">\n\t\t\t\t\t\t\t\t<div class=\"elementor-element elementor-element-7e2c034 elementor-widget elementor-widget-text-editor\" data-id=\"7e2c034\" data-element_type=\"widget\" data-widget_type=\"text-editor.default\">\n\t\t\t\t<div class=\"elementor-widget-container\">\n\t\t\t\t\t\t\t\t<p><span style=\"color: #333300;\"><strong>Vous faciliter la vie.<\/strong><\/span><br \/>Notre exp\u00e9rience dans l&#8217;univers des voitures de collections est \u00e0 votre service, nous vous invitons \u00e0 d\u00e9couvrir nos gammes de produits en magasin.<\/p>\t\t\t\t\t\t<\/div>\n\t\t\t\t<\/div>\n\t\t\t\t<div class=\"elementor-element elementor-element-534eaa3 elementor-widget elementor-widget-text-editor\" data-id=\"534eaa3\" data-element_type=\"widget\" data-widget_type=\"text-editor.default\">\n\t\t\t\t<div class=\"elementor-widget-container\">\n\t\t\t\t\t\t\t\t<p style=\"text-align: center;\"><span style=\"color: #ffffff;\"><a style=\"color: #ffffff;\" href=\"https:\/\/classiccarparts.be\/wp-content\/uploads\/2021\/07\/RVprofil_catalogue.pdf\"><b>TELECHARGEZ NOTRE CATALOGUE ICI<\/b><\/a><\/span><\/p>\t\t\t\t\t\t<\/div>\n\t\t\t\t<\/div>\n\t\t\t\t\t<\/div>\n\t\t<\/div>\n\t\t\t\t<div class=\"elementor-column elementor-col-25 elementor-inner-column elementor-element elementor-element-6589512\" data-id=\"6589512\" data-element_type=\"column\" data-settings=\"{&quot;background_background&quot;:&quot;classic&quot;}\">\n\t\t\t<div class=\"elementor-widget-wrap elementor-element-populated\">\n\t\t\t\t\t\t\t\t<div class=\"elementor-element elementor-element-74a0a44 elementor-widget elementor-widget-text-editor\" data-id=\"74a0a44\" data-element_type=\"widget\" data-widget_type=\"text-editor.default\">\n\t\t\t\t<div class=\"elementor-widget-container\">\n\t\t\t\t\t\t\t\t<p><span style=\"text-decoration: underline; color: #333300;\"><strong>RV Profil<\/strong><\/span><br \/><span style=\"color: #ffffff;\">De l&#8217;automobile \u00e0 l&#8217;industrie&#8230;<\/span><br \/><span style=\"color: #ffffff;\">Joints plats, en U, en S, en L&#8230; Tous profils : caoutchouc spongieux et cellulaire. Profils de vitrage&#8230;<\/span><br \/><span style=\"color: #ffffff;\">RV Profil est sp\u00e9cialis\u00e9 dans la fourniture de profils pour les secteurs industriels de l&#8217;automobile.<\/span><br \/><strong><span style=\"color: #333300;\">Nos produits poss\u00e8dent \u00e9galement de nombreuses applications pour le secteur du g\u00e9nie civil, du nautisme et de l&#8217;a\u00e9ronautique.<\/span><\/strong><\/p>\t\t\t\t\t\t<\/div>\n\t\t\t\t<\/div>\n\t\t\t\t\t<\/div>\n\t\t<\/div>\n\t\t\t\t<div class=\"elementor-column elementor-col-25 elementor-inner-column elementor-element elementor-element-6fcee06\" data-id=\"6fcee06\" data-element_type=\"column\" data-settings=\"{&quot;background_background&quot;:&quot;classic&quot;}\">\n\t\t\t<div class=\"elementor-widget-wrap elementor-element-populated\">\n\t\t\t\t\t\t\t\t<div class=\"elementor-element elementor-element-3b436c4 elementor-widget elementor-widget-image\" data-id=\"3b436c4\" data-element_type=\"widget\" data-widget_type=\"image.default\">\n\t\t\t\t<div class=\"elementor-widget-container\">\n\t\t\t\t\t\t\t\t\t\t\t\t\t\t\t<img loading=\"lazy\" decoding=\"async\" width=\"261\" height=\"254\" src=\"https:\/\/classiccarparts.be\/wp-content\/uploads\/2021\/07\/foto07.png\" class=\"attachment-large size-large\" alt=\"\" \/>\t\t\t\t\t\t\t\t\t\t\t\t\t\t\t<\/div>\n\t\t\t\t<\/div>\n\t\t\t\t\t<\/div>\n\t\t<\/div>\n\t\t\t\t\t\t\t<\/div>\n\t\t<\/section>\n\t\t\t\t\t<\/div>\n\t\t<\/div>\n\t\t\t\t\t\t\t<\/div>\n\t\t<\/section>\n\t\t\t\t\t\t<\/div>\n\t\t\t\t\t<\/div>\n\t\t","protected":false},"excerpt":{"rendered":"<p>Classic Car Parts Vente de pi\u00e8ces pour la r\u00e9novation et l&#8217;entretien de voitures de collection. Profiles et fournitures pour carrosserie, industrie et garnissages.Gamme compl\u00e8te des produits de r\u00e9novation et d&#8217;entretien BELGOM.Belgique &#8211; France &#8211; Luxembourg AccueilClassic Car PartsRV ProfilAussi en magasinContact Tel + 32 (0)56 773 100E-mail: info@rvprofil.be Vous \u00eates \u00e0 la recherche d&#8217;\u00e9lements pour &#8230; <a title=\"CCP2\" class=\"read-more\" href=\"https:\/\/classiccarparts.be\/\" aria-label=\"More on CCP2\">Read more<\/a><\/p>\n","protected":false},"author":1,"featured_media":0,"parent":0,"menu_order":0,"comment_status":"closed","ping_status":"closed","template":"elementor_header_footer","meta":{"footnotes":""},"class_list":["post-55","page","type-page","status-publish"],"_links":{"self":[{"href":"https:\/\/classiccarparts.be\/index.php?rest_route=\/wp\/v2\/pages\/55","targetHints":{"allow":["GET"]}}],"collection":[{"href":"https:\/\/classiccarparts.be\/index.php?rest_route=\/wp\/v2\/pages"}],"about":[{"href":"https:\/\/classiccarparts.be\/index.php?rest_route=\/wp\/v2\/types\/page"}],"author":[{"embeddable":true,"href":"https:\/\/classiccarparts.be\/index.php?rest_route=\/wp\/v2\/users\/1"}],"replies":[{"embeddable":true,"href":"https:\/\/classiccarparts.be\/index.php?rest_route=%2Fwp%2Fv2%2Fcomments&post=55"}],"version-history":[{"count":74,"href":"https:\/\/classiccarparts.be\/index.php?rest_route=\/wp\/v2\/pages\/55\/revisions"}],"predecessor-version":[{"id":249,"href":"https:\/\/classiccarparts.be\/index.php?rest_route=\/wp\/v2\/pages\/55\/revisions\/249"}],"wp:attachment":[{"href":"https:\/\/classiccarparts.be\/index.php?rest_route=%2Fwp%2Fv2%2Fmedia&parent=55"}],"curies":[{"name":"wp","href":"https:\/\/api.w.org\/{rel}","templated":true}]}}