{"id":132,"date":"2021-07-07T11:53:26","date_gmt":"2021-07-07T11:53:26","guid":{"rendered":"https:\/\/classiccarparts.be\/?page_id=132"},"modified":"2021-09-24T14:42:57","modified_gmt":"2021-09-24T14:42:57","slug":"magasin","status":"publish","type":"page","link":"https:\/\/classiccarparts.be\/?page_id=132","title":{"rendered":"magasin"},"content":{"rendered":"\t\t<div data-elementor-type=\"wp-page\" data-elementor-id=\"132\" class=\"elementor elementor-132\" data-elementor-settings=\"[]\">\n\t\t\t\t\t\t\t<div class=\"elementor-section-wrap\">\n\t\t\t\t\t\t\t<section class=\"elementor-section elementor-top-section elementor-element elementor-element-230a6d54 elementor-section-height-min-height elementor-section-boxed elementor-section-height-default elementor-section-items-middle\" data-id=\"230a6d54\" data-element_type=\"section\" data-settings=\"{&quot;background_background&quot;:&quot;classic&quot;}\">\n\t\t\t\t\t\t<div class=\"elementor-container elementor-column-gap-no\">\n\t\t\t\t\t<div class=\"elementor-column elementor-col-100 elementor-top-column elementor-element elementor-element-38212cc5\" data-id=\"38212cc5\" data-element_type=\"column\">\n\t\t\t<div class=\"elementor-widget-wrap elementor-element-populated\">\n\t\t\t\t\t\t\t\t<section class=\"elementor-section elementor-inner-section elementor-element elementor-element-958841d elementor-section-boxed elementor-section-height-default elementor-section-height-default\" data-id=\"958841d\" data-element_type=\"section\" data-settings=\"{&quot;background_background&quot;:&quot;classic&quot;}\">\n\t\t\t\t\t\t<div class=\"elementor-container elementor-column-gap-no\">\n\t\t\t\t\t<div class=\"elementor-column elementor-col-50 elementor-inner-column elementor-element elementor-element-2284f5f7\" data-id=\"2284f5f7\" data-element_type=\"column\" data-settings=\"{&quot;background_background&quot;:&quot;classic&quot;}\">\n\t\t\t<div class=\"elementor-widget-wrap elementor-element-populated\">\n\t\t\t\t\t\t\t\t<div class=\"elementor-element elementor-element-4b5f4679 elementor-widget elementor-widget-text-editor\" data-id=\"4b5f4679\" data-element_type=\"widget\" data-widget_type=\"text-editor.default\">\n\t\t\t\t<div class=\"elementor-widget-container\">\n\t\t\t\t\t\t\t\t<p><strong>Classic Car Parts<\/strong><\/p>\t\t\t\t\t\t<\/div>\n\t\t\t\t<\/div>\n\t\t\t\t\t<\/div>\n\t\t<\/div>\n\t\t\t\t<div class=\"elementor-column elementor-col-50 elementor-inner-column elementor-element elementor-element-5cf73477\" data-id=\"5cf73477\" data-element_type=\"column\" data-settings=\"{&quot;background_background&quot;:&quot;classic&quot;}\">\n\t\t\t<div class=\"elementor-widget-wrap elementor-element-populated\">\n\t\t\t\t\t\t\t\t<div class=\"elementor-element elementor-element-2580b692 elementor-widget elementor-widget-text-editor\" data-id=\"2580b692\" data-element_type=\"widget\" data-widget_type=\"text-editor.default\">\n\t\t\t\t<div class=\"elementor-widget-container\">\n\t\t\t\t\t\t\t\t<p><span style=\"color: #333300;\"><strong>Vente de pi\u00e8ces pour la r\u00e9novation et l&#8217;entretien de voitures de collection. <\/strong><\/span><br \/><span style=\"color: #333300;\"><strong>Profiles et fournitures pour carrosserie, industrie et garnissages.<\/strong><\/span><br \/><span style=\"color: #333300;\"><strong>Gamme compl\u00e8te des produits de r\u00e9novation et d&#8217;entretien BELGOM.<\/strong><\/span><br \/><span style=\"color: #ffffff;\"><strong>Belgique &#8211; France &#8211; Luxembourg<\/strong><\/span><\/p>\t\t\t\t\t\t<\/div>\n\t\t\t\t<\/div>\n\t\t\t\t\t<\/div>\n\t\t<\/div>\n\t\t\t\t\t\t\t<\/div>\n\t\t<\/section>\n\t\t\t\t\t<\/div>\n\t\t<\/div>\n\t\t\t\t\t\t\t<\/div>\n\t\t<\/section>\n\t\t\t\t<section class=\"elementor-section elementor-top-section elementor-element elementor-element-7df51687 elementor-section-height-min-height elementor-section-boxed elementor-section-height-default elementor-section-items-middle\" data-id=\"7df51687\" data-element_type=\"section\" data-settings=\"{&quot;background_background&quot;:&quot;classic&quot;}\">\n\t\t\t\t\t\t<div class=\"elementor-container elementor-column-gap-no\">\n\t\t\t\t\t<div class=\"elementor-column elementor-col-100 elementor-top-column elementor-element elementor-element-369531a3\" data-id=\"369531a3\" data-element_type=\"column\">\n\t\t\t<div class=\"elementor-widget-wrap elementor-element-populated\">\n\t\t\t\t\t\t\t\t<section class=\"elementor-section elementor-inner-section elementor-element elementor-element-53e5a29 elementor-section-boxed elementor-section-height-default elementor-section-height-default\" data-id=\"53e5a29\" data-element_type=\"section\">\n\t\t\t\t\t\t<div class=\"elementor-container elementor-column-gap-no\">\n\t\t\t\t\t<div class=\"elementor-column elementor-col-50 elementor-inner-column elementor-element elementor-element-72ceda0b\" data-id=\"72ceda0b\" data-element_type=\"column\">\n\t\t\t<div class=\"elementor-widget-wrap elementor-element-populated\">\n\t\t\t\t\t\t\t\t<div class=\"elementor-element elementor-element-6d97d8be elementor-widget elementor-widget-image\" data-id=\"6d97d8be\" data-element_type=\"widget\" data-widget_type=\"image.default\">\n\t\t\t\t<div class=\"elementor-widget-container\">\n\t\t\t\t\t\t\t\t\t\t\t\t\t\t\t<img loading=\"lazy\" decoding=\"async\" width=\"920\" height=\"501\" src=\"https:\/\/classiccarparts.be\/wp-content\/uploads\/2021\/07\/foto23.png\" class=\"attachment-large size-large\" alt=\"\" srcset=\"https:\/\/classiccarparts.be\/wp-content\/uploads\/2021\/07\/foto23.png 920w, https:\/\/classiccarparts.be\/wp-content\/uploads\/2021\/07\/foto23-300x163.png 300w, https:\/\/classiccarparts.be\/wp-content\/uploads\/2021\/07\/foto23-768x418.png 768w\" sizes=\"auto, (max-width: 920px) 100vw, 920px\" \/>\t\t\t\t\t\t\t\t\t\t\t\t\t\t\t<\/div>\n\t\t\t\t<\/div>\n\t\t\t\t\t<\/div>\n\t\t<\/div>\n\t\t\t\t<div class=\"elementor-column elementor-col-50 elementor-inner-column elementor-element elementor-element-6edea38\" data-id=\"6edea38\" data-element_type=\"column\" data-settings=\"{&quot;background_background&quot;:&quot;classic&quot;}\">\n\t\t\t<div class=\"elementor-widget-wrap elementor-element-populated\">\n\t\t\t\t\t\t\t\t<div class=\"elementor-element elementor-element-146e5a43 elementor-widget elementor-widget-text-editor\" data-id=\"146e5a43\" data-element_type=\"widget\" data-widget_type=\"text-editor.default\">\n\t\t\t\t<div class=\"elementor-widget-container\">\n\t\t\t\t\t\t\t\t<p style=\"text-align: left; padding-left: 80px;\"><span style=\"color: #ffffff;\"><a style=\"color: #ffffff;\" href=\"https:\/\/classiccarparts.be\"><strong>Accueil<\/strong><\/a><\/span><br \/><span style=\"color: #ffffff;\"><a style=\"color: #ffffff;\" href=\"https:\/\/classiccarparts.be\/?page_id=124\"><strong>Classic Car Parts<\/strong><\/a><\/span><br \/><span style=\"color: #ffffff;\"><a style=\"color: #ffffff;\" href=\"https:\/\/classiccarparts.be\/?page_id=113\"><strong>RV Profil<\/strong><\/a><\/span><br \/><span style=\"color: #ffffff;\"><a style=\"color: #ffffff;\" href=\"https:\/\/classiccarparts.be\/?page_id=132\"><strong>Aussi en magasin<\/strong><\/a><\/span><br \/><span style=\"color: #ffffff;\"><a style=\"color: #ffffff;\" href=\"mailto:rvprofil@skynet.be\"><strong>Contact<\/strong><\/a><\/span><\/p>\t\t\t\t\t\t<\/div>\n\t\t\t\t<\/div>\n\t\t\t\t<div class=\"elementor-element elementor-element-328e055b elementor-widget elementor-widget-text-editor\" data-id=\"328e055b\" data-element_type=\"widget\" data-widget_type=\"text-editor.default\">\n\t\t\t\t<div class=\"elementor-widget-container\">\n\t\t\t\t\t\t\t\t<p style=\"text-align: center;\">Tel + 32 (0)56 773 100<br \/>E-mail: <strong><span style=\"color: #ffffff;\"><a style=\"color: #ffffff;\" href=\"mailto:info@rvprofil.be\">info@rvprofil.be<\/a><\/span><\/strong><\/p>\t\t\t\t\t\t<\/div>\n\t\t\t\t<\/div>\n\t\t\t\t\t<\/div>\n\t\t<\/div>\n\t\t\t\t\t\t\t<\/div>\n\t\t<\/section>\n\t\t\t\t\t<\/div>\n\t\t<\/div>\n\t\t\t\t\t\t\t<\/div>\n\t\t<\/section>\n\t\t\t\t<section class=\"elementor-section elementor-top-section elementor-element elementor-element-6d081c52 elementor-section-boxed elementor-section-height-default elementor-section-height-default\" data-id=\"6d081c52\" data-element_type=\"section\" data-settings=\"{&quot;background_background&quot;:&quot;classic&quot;}\">\n\t\t\t\t\t\t<div class=\"elementor-container elementor-column-gap-no\">\n\t\t\t\t\t<div class=\"elementor-column elementor-col-100 elementor-top-column elementor-element elementor-element-4e97c87c\" data-id=\"4e97c87c\" data-element_type=\"column\" data-settings=\"{&quot;background_background&quot;:&quot;classic&quot;}\">\n\t\t\t<div class=\"elementor-widget-wrap elementor-element-populated\">\n\t\t\t\t\t\t\t\t<section class=\"elementor-section elementor-inner-section elementor-element elementor-element-273b9749 elementor-section-boxed elementor-section-height-default elementor-section-height-default\" data-id=\"273b9749\" data-element_type=\"section\">\n\t\t\t\t\t\t<div class=\"elementor-container elementor-column-gap-default\">\n\t\t\t\t\t<div class=\"elementor-column elementor-col-50 elementor-inner-column elementor-element elementor-element-5c28ada0\" data-id=\"5c28ada0\" data-element_type=\"column\" data-settings=\"{&quot;background_background&quot;:&quot;classic&quot;}\">\n\t\t\t<div class=\"elementor-widget-wrap elementor-element-populated\">\n\t\t\t\t\t\t\t\t<div class=\"elementor-element elementor-element-539eb10e elementor-widget elementor-widget-text-editor\" data-id=\"539eb10e\" data-element_type=\"widget\" data-widget_type=\"text-editor.default\">\n\t\t\t\t<div class=\"elementor-widget-container\">\n\t\t\t\t\t\t\t\t<h6><strong>Egalement en vente dans notre magasin<\/strong><\/h6>\t\t\t\t\t\t<\/div>\n\t\t\t\t<\/div>\n\t\t\t\t\t<\/div>\n\t\t<\/div>\n\t\t\t\t<div class=\"elementor-column elementor-col-50 elementor-inner-column elementor-element elementor-element-7bdc02d3\" data-id=\"7bdc02d3\" data-element_type=\"column\" data-settings=\"{&quot;background_background&quot;:&quot;classic&quot;}\">\n\t\t\t<div class=\"elementor-widget-wrap elementor-element-populated\">\n\t\t\t\t\t\t\t\t<div class=\"elementor-element elementor-element-7e9d7b1d elementor-widget elementor-widget-text-editor\" data-id=\"7e9d7b1d\" data-element_type=\"widget\" data-widget_type=\"text-editor.default\">\n\t\t\t\t<div class=\"elementor-widget-container\">\n\t\t\t\t\t\t\t\t<h6 style=\"text-align: center;\">Distributeur Officiel BELGOM<\/h6>\t\t\t\t\t\t<\/div>\n\t\t\t\t<\/div>\n\t\t\t\t\t<\/div>\n\t\t<\/div>\n\t\t\t\t\t\t\t<\/div>\n\t\t<\/section>\n\t\t\t\t<section class=\"elementor-section elementor-inner-section elementor-element elementor-element-25084bf1 elementor-section-boxed elementor-section-height-default elementor-section-height-default\" data-id=\"25084bf1\" data-element_type=\"section\">\n\t\t\t\t\t\t<div class=\"elementor-container elementor-column-gap-default\">\n\t\t\t\t\t<div class=\"elementor-column elementor-col-33 elementor-inner-column elementor-element elementor-element-4035587d\" data-id=\"4035587d\" data-element_type=\"column\" data-settings=\"{&quot;background_background&quot;:&quot;classic&quot;}\">\n\t\t\t<div class=\"elementor-widget-wrap elementor-element-populated\">\n\t\t\t\t\t\t\t\t<div class=\"elementor-element elementor-element-5ce0198d elementor-widget elementor-widget-text-editor\" data-id=\"5ce0198d\" data-element_type=\"widget\" data-widget_type=\"text-editor.default\">\n\t\t\t\t<div class=\"elementor-widget-container\">\n\t\t\t\t\t\t\t\t<p><strong>Chargeurs de batteries.<\/strong><br \/><span style=\"color: #ffffff;\">Appareils automatiques de chargement pour batteries acide-plomb pour motos et automobiles, batteries de d\u00e9marrage conventionnelles, batteries \u00e9tanches et d&#8217;autres applications demandant une puissance r\u00e9guli\u00e8re.<\/span><\/p>\t\t\t\t\t\t<\/div>\n\t\t\t\t<\/div>\n\t\t\t\t<div class=\"elementor-element elementor-element-4315c7f elementor-widget elementor-widget-text-editor\" data-id=\"4315c7f\" data-element_type=\"widget\" data-widget_type=\"text-editor.default\">\n\t\t\t\t<div class=\"elementor-widget-container\">\n\t\t\t\t\t\t\t\t<p><strong>Composants acoustiques<\/strong><br \/><span style=\"color: #ffffff;\">Plaques insonorisantes, isophone, isomousse, complexe. Auto-adh\u00e9sives, feutre absorbants, mousse polyur\u00e9thane<\/span><\/p>\t\t\t\t\t\t<\/div>\n\t\t\t\t<\/div>\n\t\t\t\t<div class=\"elementor-element elementor-element-70b3f47 elementor-widget elementor-widget-text-editor\" data-id=\"70b3f47\" data-element_type=\"widget\" data-widget_type=\"text-editor.default\">\n\t\t\t\t<div class=\"elementor-widget-container\">\n\t\t\t\t\t\t\t\t<p><strong>Rev\u00eatement et tapis de caoutchouc<\/strong><br \/><span style=\"color: #ffffff;\">Stri\u00e9s, pastill\u00e9s, unis, diff\u00e9rents tons. Rev\u00eatements pour coffres.<\/span><\/p>\t\t\t\t\t\t<\/div>\n\t\t\t\t<\/div>\n\t\t\t\t<div class=\"elementor-element elementor-element-e72e98f elementor-widget elementor-widget-text-editor\" data-id=\"e72e98f\" data-element_type=\"widget\" data-widget_type=\"text-editor.default\">\n\t\t\t\t<div class=\"elementor-widget-container\">\n\t\t\t\t\t\t\t\t<p><strong>Produits d&#8217;entretien<\/strong><br \/><span style=\"color: #ffffff;\">OUATOR est un coton impr\u00e9gn\u00e9 pr\u00eat \u00e0 l&#8217;emploi qui permet de polir et repolir tr\u00e8s finement tous les types de surfaces. Sa formule de tr\u00e8s haute qualit\u00e9 est constitu\u00e9e de micro particules<\/span><\/p>\t\t\t\t\t\t<\/div>\n\t\t\t\t<\/div>\n\t\t\t\t\t<\/div>\n\t\t<\/div>\n\t\t\t\t<div class=\"elementor-column elementor-col-33 elementor-inner-column elementor-element elementor-element-f059238\" data-id=\"f059238\" data-element_type=\"column\" data-settings=\"{&quot;background_background&quot;:&quot;classic&quot;}\">\n\t\t\t<div class=\"elementor-widget-wrap elementor-element-populated\">\n\t\t\t\t\t\t\t\t<div class=\"elementor-element elementor-element-3d655c54 elementor-widget elementor-widget-image\" data-id=\"3d655c54\" data-element_type=\"widget\" data-widget_type=\"image.default\">\n\t\t\t\t<div class=\"elementor-widget-container\">\n\t\t\t\t\t\t\t\t\t\t\t\t\t\t\t<img loading=\"lazy\" decoding=\"async\" width=\"217\" height=\"135\" src=\"https:\/\/classiccarparts.be\/wp-content\/uploads\/2021\/07\/foto24.png\" class=\"attachment-large size-large\" alt=\"\" \/>\t\t\t\t\t\t\t\t\t\t\t\t\t\t\t<\/div>\n\t\t\t\t<\/div>\n\t\t\t\t<div class=\"elementor-element elementor-element-9ecc361 elementor-widget elementor-widget-image\" data-id=\"9ecc361\" data-element_type=\"widget\" data-widget_type=\"image.default\">\n\t\t\t\t<div class=\"elementor-widget-container\">\n\t\t\t\t\t\t\t\t\t\t\t\t\t\t\t<img loading=\"lazy\" decoding=\"async\" width=\"219\" height=\"129\" src=\"https:\/\/classiccarparts.be\/wp-content\/uploads\/2021\/07\/foto25.png\" class=\"attachment-large size-large\" alt=\"\" \/>\t\t\t\t\t\t\t\t\t\t\t\t\t\t\t<\/div>\n\t\t\t\t<\/div>\n\t\t\t\t<div class=\"elementor-element elementor-element-2a178db elementor-widget elementor-widget-image\" data-id=\"2a178db\" data-element_type=\"widget\" data-widget_type=\"image.default\">\n\t\t\t\t<div class=\"elementor-widget-container\">\n\t\t\t\t\t\t\t\t\t\t\t\t\t\t\t<img loading=\"lazy\" decoding=\"async\" width=\"218\" height=\"132\" src=\"https:\/\/classiccarparts.be\/wp-content\/uploads\/2021\/07\/foto26.png\" class=\"attachment-large size-large\" alt=\"\" \/>\t\t\t\t\t\t\t\t\t\t\t\t\t\t\t<\/div>\n\t\t\t\t<\/div>\n\t\t\t\t<div class=\"elementor-element elementor-element-9c42f71 elementor-widget elementor-widget-image\" data-id=\"9c42f71\" data-element_type=\"widget\" data-widget_type=\"image.default\">\n\t\t\t\t<div class=\"elementor-widget-container\">\n\t\t\t\t\t\t\t\t\t\t\t\t\t\t\t<img loading=\"lazy\" decoding=\"async\" width=\"216\" height=\"136\" src=\"https:\/\/classiccarparts.be\/wp-content\/uploads\/2021\/07\/foto27.png\" class=\"attachment-large size-large\" alt=\"\" \/>\t\t\t\t\t\t\t\t\t\t\t\t\t\t\t<\/div>\n\t\t\t\t<\/div>\n\t\t\t\t\t<\/div>\n\t\t<\/div>\n\t\t\t\t<div class=\"elementor-column elementor-col-33 elementor-inner-column elementor-element elementor-element-37764b8e\" data-id=\"37764b8e\" data-element_type=\"column\" data-settings=\"{&quot;background_background&quot;:&quot;classic&quot;}\">\n\t\t\t<div class=\"elementor-widget-wrap elementor-element-populated\">\n\t\t\t\t\t\t\t\t<div class=\"elementor-element elementor-element-404bf346 elementor-widget elementor-widget-image\" data-id=\"404bf346\" data-element_type=\"widget\" data-widget_type=\"image.default\">\n\t\t\t\t<div class=\"elementor-widget-container\">\n\t\t\t\t\t\t\t\t\t\t\t\t\t\t\t<img loading=\"lazy\" decoding=\"async\" width=\"358\" height=\"505\" src=\"https:\/\/classiccarparts.be\/wp-content\/uploads\/2021\/07\/foto28.png\" class=\"attachment-large size-large\" alt=\"\" srcset=\"https:\/\/classiccarparts.be\/wp-content\/uploads\/2021\/07\/foto28.png 358w, https:\/\/classiccarparts.be\/wp-content\/uploads\/2021\/07\/foto28-213x300.png 213w\" sizes=\"auto, (max-width: 358px) 100vw, 358px\" \/>\t\t\t\t\t\t\t\t\t\t\t\t\t\t\t<\/div>\n\t\t\t\t<\/div>\n\t\t\t\t<div class=\"elementor-element elementor-element-cf7916a elementor-widget elementor-widget-text-editor\" data-id=\"cf7916a\" data-element_type=\"widget\" data-widget_type=\"text-editor.default\">\n\t\t\t\t<div class=\"elementor-widget-container\">\n\t\t\t\t\t\t\t\t<h6 style=\"text-align: left;\"><strong><span style=\"color: #ffffff;\">Produits BELGOM pour la r\u00e9novation de la carrosserie, des chromes, des roues, du moteur, de l&#8217;habitacle, des cuirs, des capotes de cabriolets.<\/span><\/strong><br \/><strong>Des produits de l\u00e9gende pour r\u00e9nover automobiles et motos.<\/strong><\/h6>\t\t\t\t\t\t<\/div>\n\t\t\t\t<\/div>\n\t\t\t\t\t<\/div>\n\t\t<\/div>\n\t\t\t\t\t\t\t<\/div>\n\t\t<\/section>\n\t\t\t\t\t<\/div>\n\t\t<\/div>\n\t\t\t\t\t\t\t<\/div>\n\t\t<\/section>\n\t\t\t\t\t\t<\/div>\n\t\t\t\t\t<\/div>\n\t\t","protected":false},"excerpt":{"rendered":"<p>Classic Car Parts Vente de pi\u00e8ces pour la r\u00e9novation et l&#8217;entretien de voitures de collection. Profiles et fournitures pour carrosserie, industrie et garnissages.Gamme compl\u00e8te des produits de r\u00e9novation et d&#8217;entretien BELGOM.Belgique &#8211; France &#8211; Luxembourg AccueilClassic Car PartsRV ProfilAussi en magasinContact Tel + 32 (0)56 773 100E-mail: info@rvprofil.be Egalement en vente dans notre magasin Distributeur &#8230; <a title=\"magasin\" class=\"read-more\" href=\"https:\/\/classiccarparts.be\/?page_id=132\" aria-label=\"More on magasin\">Read more<\/a><\/p>\n","protected":false},"author":1,"featured_media":0,"parent":0,"menu_order":0,"comment_status":"closed","ping_status":"closed","template":"elementor_header_footer","meta":{"footnotes":""},"class_list":["post-132","page","type-page","status-publish"],"_links":{"self":[{"href":"https:\/\/classiccarparts.be\/index.php?rest_route=\/wp\/v2\/pages\/132","targetHints":{"allow":["GET"]}}],"collection":[{"href":"https:\/\/classiccarparts.be\/index.php?rest_route=\/wp\/v2\/pages"}],"about":[{"href":"https:\/\/classiccarparts.be\/index.php?rest_route=\/wp\/v2\/types\/page"}],"author":[{"embeddable":true,"href":"https:\/\/classiccarparts.be\/index.php?rest_route=\/wp\/v2\/users\/1"}],"replies":[{"embeddable":true,"href":"https:\/\/classiccarparts.be\/index.php?rest_route=%2Fwp%2Fv2%2Fcomments&post=132"}],"version-history":[{"count":28,"href":"https:\/\/classiccarparts.be\/index.php?rest_route=\/wp\/v2\/pages\/132\/revisions"}],"predecessor-version":[{"id":252,"href":"https:\/\/classiccarparts.be\/index.php?rest_route=\/wp\/v2\/pages\/132\/revisions\/252"}],"wp:attachment":[{"href":"https:\/\/classiccarparts.be\/index.php?rest_route=%2Fwp%2Fv2%2Fmedia&parent=132"}],"curies":[{"name":"wp","href":"https:\/\/api.w.org\/{rel}","templated":true}]}}