{"id":124,"date":"2021-07-07T11:41:36","date_gmt":"2021-07-07T11:41:36","guid":{"rendered":"https:\/\/classiccarparts.be\/?page_id=124"},"modified":"2021-09-24T14:39:48","modified_gmt":"2021-09-24T14:39:48","slug":"classiccarparts","status":"publish","type":"page","link":"https:\/\/classiccarparts.be\/?page_id=124","title":{"rendered":"Classiccarparts"},"content":{"rendered":"\t\t<div data-elementor-type=\"wp-page\" data-elementor-id=\"124\" class=\"elementor elementor-124\" data-elementor-settings=\"[]\">\n\t\t\t\t\t\t\t<div class=\"elementor-section-wrap\">\n\t\t\t\t\t\t\t<section class=\"elementor-section elementor-top-section elementor-element elementor-element-5fee9d84 elementor-section-height-min-height elementor-section-boxed elementor-section-height-default elementor-section-items-middle\" data-id=\"5fee9d84\" data-element_type=\"section\" data-settings=\"{&quot;background_background&quot;:&quot;classic&quot;}\">\n\t\t\t\t\t\t<div class=\"elementor-container elementor-column-gap-no\">\n\t\t\t\t\t<div class=\"elementor-column elementor-col-100 elementor-top-column elementor-element elementor-element-24f0bdf0\" data-id=\"24f0bdf0\" data-element_type=\"column\">\n\t\t\t<div class=\"elementor-widget-wrap elementor-element-populated\">\n\t\t\t\t\t\t\t\t<section class=\"elementor-section elementor-inner-section elementor-element elementor-element-69ef1b8d elementor-section-boxed elementor-section-height-default elementor-section-height-default\" data-id=\"69ef1b8d\" data-element_type=\"section\" data-settings=\"{&quot;background_background&quot;:&quot;classic&quot;}\">\n\t\t\t\t\t\t<div class=\"elementor-container elementor-column-gap-no\">\n\t\t\t\t\t<div class=\"elementor-column elementor-col-50 elementor-inner-column elementor-element elementor-element-53f61320\" data-id=\"53f61320\" data-element_type=\"column\" data-settings=\"{&quot;background_background&quot;:&quot;classic&quot;}\">\n\t\t\t<div class=\"elementor-widget-wrap elementor-element-populated\">\n\t\t\t\t\t\t\t\t<div class=\"elementor-element elementor-element-57156ce3 elementor-widget elementor-widget-text-editor\" data-id=\"57156ce3\" data-element_type=\"widget\" data-widget_type=\"text-editor.default\">\n\t\t\t\t<div class=\"elementor-widget-container\">\n\t\t\t\t\t\t\t\t<p><strong>Classic Car Parts<\/strong><\/p>\t\t\t\t\t\t<\/div>\n\t\t\t\t<\/div>\n\t\t\t\t\t<\/div>\n\t\t<\/div>\n\t\t\t\t<div class=\"elementor-column elementor-col-50 elementor-inner-column elementor-element elementor-element-6abdfe3c\" data-id=\"6abdfe3c\" data-element_type=\"column\" data-settings=\"{&quot;background_background&quot;:&quot;classic&quot;}\">\n\t\t\t<div class=\"elementor-widget-wrap elementor-element-populated\">\n\t\t\t\t\t\t\t\t<div class=\"elementor-element elementor-element-4084a2b7 elementor-widget elementor-widget-text-editor\" data-id=\"4084a2b7\" data-element_type=\"widget\" data-widget_type=\"text-editor.default\">\n\t\t\t\t<div class=\"elementor-widget-container\">\n\t\t\t\t\t\t\t\t<p><span style=\"color: #333300;\"><strong>Vente de pi\u00e8ces pour la r\u00e9novation et l&#8217;entretien de voitures de collection. <\/strong><\/span><br \/><span style=\"color: #333300;\"><strong>Profiles et fournitures pour carrosserie, industrie et garnissages.<\/strong><\/span><br \/><span style=\"color: #333300;\"><strong>Gamme compl\u00e8te des produits de r\u00e9novation et d&#8217;entretien BELGOM.<\/strong><\/span><br \/><span style=\"color: #ffffff;\"><strong>Belgique &#8211; France &#8211; Luxembourg<\/strong><\/span><\/p>\t\t\t\t\t\t<\/div>\n\t\t\t\t<\/div>\n\t\t\t\t\t<\/div>\n\t\t<\/div>\n\t\t\t\t\t\t\t<\/div>\n\t\t<\/section>\n\t\t\t\t\t<\/div>\n\t\t<\/div>\n\t\t\t\t\t\t\t<\/div>\n\t\t<\/section>\n\t\t\t\t<section class=\"elementor-section elementor-top-section elementor-element elementor-element-26eea9bb elementor-section-height-min-height elementor-section-boxed elementor-section-height-default elementor-section-items-middle\" data-id=\"26eea9bb\" data-element_type=\"section\" data-settings=\"{&quot;background_background&quot;:&quot;classic&quot;}\">\n\t\t\t\t\t\t<div class=\"elementor-container elementor-column-gap-no\">\n\t\t\t\t\t<div class=\"elementor-column elementor-col-100 elementor-top-column elementor-element elementor-element-7c22dccf\" data-id=\"7c22dccf\" data-element_type=\"column\">\n\t\t\t<div class=\"elementor-widget-wrap elementor-element-populated\">\n\t\t\t\t\t\t\t\t<section class=\"elementor-section elementor-inner-section elementor-element elementor-element-1bf7a9b6 elementor-section-boxed elementor-section-height-default elementor-section-height-default\" data-id=\"1bf7a9b6\" data-element_type=\"section\">\n\t\t\t\t\t\t<div class=\"elementor-container elementor-column-gap-no\">\n\t\t\t\t\t<div class=\"elementor-column elementor-col-50 elementor-inner-column elementor-element elementor-element-18f37339\" data-id=\"18f37339\" data-element_type=\"column\">\n\t\t\t<div class=\"elementor-widget-wrap elementor-element-populated\">\n\t\t\t\t\t\t\t\t<div class=\"elementor-element elementor-element-1e22046e elementor-widget elementor-widget-image\" data-id=\"1e22046e\" data-element_type=\"widget\" data-widget_type=\"image.default\">\n\t\t\t\t<div class=\"elementor-widget-container\">\n\t\t\t\t\t\t\t\t\t\t\t\t\t\t\t<img loading=\"lazy\" decoding=\"async\" width=\"921\" height=\"496\" src=\"https:\/\/classiccarparts.be\/wp-content\/uploads\/2021\/07\/foto08.png\" class=\"attachment-large size-large\" alt=\"\" srcset=\"https:\/\/classiccarparts.be\/wp-content\/uploads\/2021\/07\/foto08.png 921w, https:\/\/classiccarparts.be\/wp-content\/uploads\/2021\/07\/foto08-300x162.png 300w, https:\/\/classiccarparts.be\/wp-content\/uploads\/2021\/07\/foto08-768x414.png 768w\" sizes=\"auto, (max-width: 921px) 100vw, 921px\" \/>\t\t\t\t\t\t\t\t\t\t\t\t\t\t\t<\/div>\n\t\t\t\t<\/div>\n\t\t\t\t\t<\/div>\n\t\t<\/div>\n\t\t\t\t<div class=\"elementor-column elementor-col-50 elementor-inner-column elementor-element elementor-element-6f2e83e5\" data-id=\"6f2e83e5\" data-element_type=\"column\" data-settings=\"{&quot;background_background&quot;:&quot;classic&quot;}\">\n\t\t\t<div class=\"elementor-widget-wrap elementor-element-populated\">\n\t\t\t\t\t\t\t\t<div class=\"elementor-element elementor-element-10cb3720 elementor-widget elementor-widget-text-editor\" data-id=\"10cb3720\" data-element_type=\"widget\" data-widget_type=\"text-editor.default\">\n\t\t\t\t<div class=\"elementor-widget-container\">\n\t\t\t\t\t\t\t\t<p style=\"text-align: left; padding-left: 80px;\"><span style=\"color: #ffffff;\"><a style=\"color: #ffffff;\" href=\"https:\/\/classiccarparts.be\"><strong>Accueil<\/strong><\/a><\/span><br \/><span style=\"color: #ffffff;\"><a style=\"color: #ffffff;\" href=\"https:\/\/classiccarparts.be\/?page_id=124\"><strong>Classic Car Parts<\/strong><\/a><\/span><br \/><span style=\"color: #ffffff;\"><a style=\"color: #ffffff;\" href=\"https:\/\/classiccarparts.be\/?page_id=113\"><strong>RV Profil<\/strong><\/a><\/span><br \/><span style=\"color: #ffffff;\"><a style=\"color: #ffffff;\" href=\"https:\/\/classiccarparts.be\/?page_id=132\"><strong>Aussi en magasin<\/strong><\/a><\/span><br \/><span style=\"color: #ffffff;\"><a style=\"color: #ffffff;\" href=\"mailto:rvprofil@skynet.be\"><strong>Contact<\/strong><\/a><\/span><\/p>\t\t\t\t\t\t<\/div>\n\t\t\t\t<\/div>\n\t\t\t\t<div class=\"elementor-element elementor-element-5dcbb749 elementor-widget elementor-widget-text-editor\" data-id=\"5dcbb749\" data-element_type=\"widget\" data-widget_type=\"text-editor.default\">\n\t\t\t\t<div class=\"elementor-widget-container\">\n\t\t\t\t\t\t\t\t<p style=\"text-align: center;\">Tel + 32 (0)56 773 100<br \/>E-mail: <strong><span style=\"color: #ffffff;\"><a style=\"color: #ffffff;\" href=\"mailto:info@rvprofil.be\">info@rvprofil.be<\/a><\/span><\/strong><\/p>\t\t\t\t\t\t<\/div>\n\t\t\t\t<\/div>\n\t\t\t\t\t<\/div>\n\t\t<\/div>\n\t\t\t\t\t\t\t<\/div>\n\t\t<\/section>\n\t\t\t\t\t<\/div>\n\t\t<\/div>\n\t\t\t\t\t\t\t<\/div>\n\t\t<\/section>\n\t\t\t\t<section class=\"elementor-section elementor-top-section elementor-element elementor-element-7516e917 elementor-section-boxed elementor-section-height-default elementor-section-height-default\" data-id=\"7516e917\" data-element_type=\"section\" data-settings=\"{&quot;background_background&quot;:&quot;classic&quot;}\">\n\t\t\t\t\t\t<div class=\"elementor-container elementor-column-gap-no\">\n\t\t\t\t\t<div class=\"elementor-column elementor-col-100 elementor-top-column elementor-element elementor-element-377e4cb9\" data-id=\"377e4cb9\" data-element_type=\"column\" data-settings=\"{&quot;background_background&quot;:&quot;classic&quot;}\">\n\t\t\t<div class=\"elementor-widget-wrap elementor-element-populated\">\n\t\t\t\t\t\t\t\t<section class=\"elementor-section elementor-inner-section elementor-element elementor-element-26364f41 elementor-section-boxed elementor-section-height-default elementor-section-height-default\" data-id=\"26364f41\" data-element_type=\"section\">\n\t\t\t\t\t\t<div class=\"elementor-container elementor-column-gap-default\">\n\t\t\t\t\t<div class=\"elementor-column elementor-col-50 elementor-inner-column elementor-element elementor-element-65eefa21\" data-id=\"65eefa21\" data-element_type=\"column\" data-settings=\"{&quot;background_background&quot;:&quot;classic&quot;}\">\n\t\t\t<div class=\"elementor-widget-wrap elementor-element-populated\">\n\t\t\t\t\t\t\t\t<div class=\"elementor-element elementor-element-174e6d77 elementor-widget elementor-widget-text-editor\" data-id=\"174e6d77\" data-element_type=\"widget\" data-widget_type=\"text-editor.default\">\n\t\t\t\t<div class=\"elementor-widget-container\">\n\t\t\t\t\t\t\t\t<h6 style=\"text-align: center;\">Trouvez votre bonheur chez nous !<\/h6>\t\t\t\t\t\t<\/div>\n\t\t\t\t<\/div>\n\t\t\t\t\t<\/div>\n\t\t<\/div>\n\t\t\t\t<div class=\"elementor-column elementor-col-50 elementor-inner-column elementor-element elementor-element-71f37464\" data-id=\"71f37464\" data-element_type=\"column\" data-settings=\"{&quot;background_background&quot;:&quot;classic&quot;}\">\n\t\t\t<div class=\"elementor-widget-wrap elementor-element-populated\">\n\t\t\t\t\t\t\t\t<div class=\"elementor-element elementor-element-45a723ae elementor-widget elementor-widget-text-editor\" data-id=\"45a723ae\" data-element_type=\"widget\" data-widget_type=\"text-editor.default\">\n\t\t\t\t<div class=\"elementor-widget-container\">\n\t\t\t\t\t\t\t\t<h6><span style=\"color: #ffffff;\"><strong>Classic Car Parts Belgium<\/strong><\/span><\/h6>\t\t\t\t\t\t<\/div>\n\t\t\t\t<\/div>\n\t\t\t\t\t<\/div>\n\t\t<\/div>\n\t\t\t\t\t\t\t<\/div>\n\t\t<\/section>\n\t\t\t\t<section class=\"elementor-section elementor-inner-section elementor-element elementor-element-3a526cab elementor-section-boxed elementor-section-height-default elementor-section-height-default\" data-id=\"3a526cab\" data-element_type=\"section\">\n\t\t\t\t\t\t<div class=\"elementor-container elementor-column-gap-default\">\n\t\t\t\t\t<div class=\"elementor-column elementor-col-33 elementor-inner-column elementor-element elementor-element-47d648e6\" data-id=\"47d648e6\" data-element_type=\"column\" data-settings=\"{&quot;background_background&quot;:&quot;classic&quot;}\">\n\t\t\t<div class=\"elementor-widget-wrap elementor-element-populated\">\n\t\t\t\t\t\t\t\t<div class=\"elementor-element elementor-element-716b51b6 elementor-widget elementor-widget-image\" data-id=\"716b51b6\" data-element_type=\"widget\" data-widget_type=\"image.default\">\n\t\t\t\t<div class=\"elementor-widget-container\">\n\t\t\t\t\t\t\t\t\t\t\t\t\t\t\t<img loading=\"lazy\" decoding=\"async\" width=\"184\" height=\"134\" src=\"https:\/\/classiccarparts.be\/wp-content\/uploads\/2021\/07\/foto09.png\" class=\"attachment-large size-large\" alt=\"\" \/>\t\t\t\t\t\t\t\t\t\t\t\t\t\t\t<\/div>\n\t\t\t\t<\/div>\n\t\t\t\t\t<\/div>\n\t\t<\/div>\n\t\t\t\t<div class=\"elementor-column elementor-col-33 elementor-inner-column elementor-element elementor-element-6311f1f2\" data-id=\"6311f1f2\" data-element_type=\"column\" data-settings=\"{&quot;background_background&quot;:&quot;classic&quot;}\">\n\t\t\t<div class=\"elementor-widget-wrap elementor-element-populated\">\n\t\t\t\t\t\t\t\t<div class=\"elementor-element elementor-element-6e43a9c1 elementor-widget elementor-widget-text-editor\" data-id=\"6e43a9c1\" data-element_type=\"widget\" data-widget_type=\"text-editor.default\">\n\t\t\t\t<div class=\"elementor-widget-container\">\n\t\t\t\t\t\t\t\t<p><strong>Tissus et garnissages<\/strong><br \/><span style=\"color: #ffffff;\">pour si\u00e8ges, ciels de toit, galons et passementerie. &#8220;Furflex&#8221; pour MG, Triumph, Jaguar, Austin, etc. Tapis, moquettes, carton \u00e0 garnir, rev\u00eatements insonorisants et tapis de coffres. Vinyls et similis. Toiles \u00e0 capotes. Galons &#8220;cache-clous&#8221;, etc.<\/span><\/p>\t\t\t\t\t\t<\/div>\n\t\t\t\t<\/div>\n\t\t\t\t\t<\/div>\n\t\t<\/div>\n\t\t\t\t<div class=\"elementor-column elementor-col-33 elementor-inner-column elementor-element elementor-element-5cc6d70c\" data-id=\"5cc6d70c\" data-element_type=\"column\" data-settings=\"{&quot;background_background&quot;:&quot;classic&quot;}\">\n\t\t\t<div class=\"elementor-widget-wrap elementor-element-populated\">\n\t\t\t\t\t\t\t\t<div class=\"elementor-element elementor-element-1c061996 elementor-widget elementor-widget-text-editor\" data-id=\"1c061996\" data-element_type=\"widget\" data-widget_type=\"text-editor.default\">\n\t\t\t\t<div class=\"elementor-widget-container\">\n\t\t\t\t\t\t\t\t<p><strong>Une gamme d&#8217;articles ultra compl\u00e8te !<\/strong><br \/><span style=\"color: #ffffff;\">Coulisses de vitres : simples ou doubles, &#8220;arm\u00e9es&#8221; ou non. L\u00e8che-vitres, int\u00e9rieur ou ext\u00e9rieur. Joints pour toits ouvrants et hard-tops. Joints sp\u00e9ciaux pour v\u00e9hicules de march\u00e9. Profils pour &#8220;d\u00e9flecteurs&#8221;.<\/span><\/p>\t\t\t\t\t\t<\/div>\n\t\t\t\t<\/div>\n\t\t\t\t\t<\/div>\n\t\t<\/div>\n\t\t\t\t\t\t\t<\/div>\n\t\t<\/section>\n\t\t\t\t<section class=\"elementor-section elementor-inner-section elementor-element elementor-element-30c68090 elementor-section-boxed elementor-section-height-default elementor-section-height-default\" data-id=\"30c68090\" data-element_type=\"section\">\n\t\t\t\t\t\t<div class=\"elementor-container elementor-column-gap-default\">\n\t\t\t\t\t<div class=\"elementor-column elementor-col-33 elementor-inner-column elementor-element elementor-element-92ae284\" data-id=\"92ae284\" data-element_type=\"column\" data-settings=\"{&quot;background_background&quot;:&quot;classic&quot;}\">\n\t\t\t<div class=\"elementor-widget-wrap elementor-element-populated\">\n\t\t\t\t\t\t\t\t<div class=\"elementor-element elementor-element-5bbf45e1 elementor-widget elementor-widget-image\" data-id=\"5bbf45e1\" data-element_type=\"widget\" data-widget_type=\"image.default\">\n\t\t\t\t<div class=\"elementor-widget-container\">\n\t\t\t\t\t\t\t\t\t\t\t\t\t\t\t<img loading=\"lazy\" decoding=\"async\" width=\"444\" height=\"708\" src=\"https:\/\/classiccarparts.be\/wp-content\/uploads\/2021\/07\/foto10.png\" class=\"attachment-large size-large\" alt=\"\" srcset=\"https:\/\/classiccarparts.be\/wp-content\/uploads\/2021\/07\/foto10.png 444w, https:\/\/classiccarparts.be\/wp-content\/uploads\/2021\/07\/foto10-188x300.png 188w\" sizes=\"auto, (max-width: 444px) 100vw, 444px\" \/>\t\t\t\t\t\t\t\t\t\t\t\t\t\t\t<\/div>\n\t\t\t\t<\/div>\n\t\t\t\t\t<\/div>\n\t\t<\/div>\n\t\t\t\t<div class=\"elementor-column elementor-col-33 elementor-inner-column elementor-element elementor-element-3218a55e\" data-id=\"3218a55e\" data-element_type=\"column\" data-settings=\"{&quot;background_background&quot;:&quot;classic&quot;}\">\n\t\t\t<div class=\"elementor-widget-wrap elementor-element-populated\">\n\t\t\t\t\t\t\t\t<div class=\"elementor-element elementor-element-50342628 elementor-widget elementor-widget-text-editor\" data-id=\"50342628\" data-element_type=\"widget\" data-widget_type=\"text-editor.default\">\n\t\t\t\t<div class=\"elementor-widget-container\">\n\t\t\t\t\t\t\t\t<p><strong>Profils de bordage, de finition et d&#8217;\u00e9tanch\u00e9it\u00e9, &#8220;Snap On&#8221;.<\/strong><br \/><span style=\"color: #ffffff;\">Joints en PVC arm\u00e9, avec ou sans caoutchouc. Profils sp\u00e9cifiques pour voitures anglaises : velours (diff\u00e9rentes couleurs) et caoutchouc. Applications en automobile, industrie, nautisme et aviation.<\/span><\/p>\t\t\t\t\t\t<\/div>\n\t\t\t\t<\/div>\n\t\t\t\t<div class=\"elementor-element elementor-element-2ffc245 elementor-widget elementor-widget-text-editor\" data-id=\"2ffc245\" data-element_type=\"widget\" data-widget_type=\"text-editor.default\">\n\t\t\t\t<div class=\"elementor-widget-container\">\n\t\t\t\t\t\t\t\t<p><strong>Joncs d&#8217;ailes, moleskine et PVC<\/strong><br \/><span style=\"color: #ffffff;\">&#8220;Moleskine&#8221; et Alu, noir et couleurs. Tresses pour capots, plates et \u00e0 bourrelets. Feutres de finition. Sangles. Gaines pour fils \u00e9lectriques, etc.<\/span><\/p>\t\t\t\t\t\t<\/div>\n\t\t\t\t<\/div>\n\t\t\t\t<div class=\"elementor-element elementor-element-9420686 elementor-widget elementor-widget-text-editor\" data-id=\"9420686\" data-element_type=\"widget\" data-widget_type=\"text-editor.default\">\n\t\t\t\t<div class=\"elementor-widget-container\">\n\t\t\t\t\t\t\t\t<p><strong>Profil\u00e9s et moulures en aluminium poli.<\/strong><br \/><span style=\"color: #ffffff;\">Profils alu et caoutchouc. Corni\u00e8res et moulures d\u00e9coratives. Profils sp\u00e9ciaux pour goutti\u00e8res, marche-pieds. Moulures sp\u00e9cifiques pour voitures anciennes. Joncs en PVC chrom\u00e9.<\/span><br \/><span style=\"color: #ffffff;\">THERMO-LACQ : peinture sp\u00e9ciale r\u00e9sistant \u00e0 900\u00b0C.<\/span><br \/><span style=\"color: #ffffff;\">NOUVEAU ! Baguette et joncs en PVC chrom\u00e9, \u00e0 vos mesures !<\/span><\/p>\t\t\t\t\t\t<\/div>\n\t\t\t\t<\/div>\n\t\t\t\t<div class=\"elementor-element elementor-element-a3d4418 elementor-widget elementor-widget-text-editor\" data-id=\"a3d4418\" data-element_type=\"widget\" data-widget_type=\"text-editor.default\">\n\t\t\t\t<div class=\"elementor-widget-container\">\n\t\t\t\t\t\t\t\t<p><strong>&#8220;Accastillage&#8221; automobile<\/strong><br \/><span style=\"color: #ffffff;\">accastillage automobile&#8221;Tenax&#8221; et pressions, charni\u00e8res. Poign\u00e9es de porti\u00e8res int\u00e9rieures et ext\u00e9rieures, passe-fils, clous de capot caoutchouc. Egalement feux de brouillard et porte-plaques chrom\u00e9s. Flancs blancs adaptables. Pi\u00e8ces et accessoires Citro\u00ebn &#8220;Traction-avant&#8221;, 4 CV, etc. Additifs ESSENCE pour remplacer le plomb.<\/span><\/p>\t\t\t\t\t\t<\/div>\n\t\t\t\t<\/div>\n\t\t\t\t\t<\/div>\n\t\t<\/div>\n\t\t\t\t<div class=\"elementor-column elementor-col-33 elementor-inner-column elementor-element elementor-element-2afcdde0\" data-id=\"2afcdde0\" data-element_type=\"column\" data-settings=\"{&quot;background_background&quot;:&quot;classic&quot;}\">\n\t\t\t<div class=\"elementor-widget-wrap elementor-element-populated\">\n\t\t\t\t\t\t\t\t<div class=\"elementor-element elementor-element-11d3f2ff elementor-widget elementor-widget-image\" data-id=\"11d3f2ff\" data-element_type=\"widget\" data-widget_type=\"image.default\">\n\t\t\t\t<div class=\"elementor-widget-container\">\n\t\t\t\t\t\t\t\t\t\t\t\t\t\t\t<img loading=\"lazy\" decoding=\"async\" width=\"178\" height=\"131\" src=\"https:\/\/classiccarparts.be\/wp-content\/uploads\/2021\/07\/foto12.png\" class=\"attachment-large size-large\" alt=\"\" \/>\t\t\t\t\t\t\t\t\t\t\t\t\t\t\t<\/div>\n\t\t\t\t<\/div>\n\t\t\t\t<div class=\"elementor-element elementor-element-e92022c elementor-widget elementor-widget-image\" data-id=\"e92022c\" data-element_type=\"widget\" data-widget_type=\"image.default\">\n\t\t\t\t<div class=\"elementor-widget-container\">\n\t\t\t\t\t\t\t\t\t\t\t\t\t\t\t<img loading=\"lazy\" decoding=\"async\" width=\"179\" height=\"133\" src=\"https:\/\/classiccarparts.be\/wp-content\/uploads\/2021\/07\/foto13.png\" class=\"attachment-large size-large\" alt=\"\" \/>\t\t\t\t\t\t\t\t\t\t\t\t\t\t\t<\/div>\n\t\t\t\t<\/div>\n\t\t\t\t<div class=\"elementor-element elementor-element-26fe630 elementor-widget elementor-widget-image\" data-id=\"26fe630\" data-element_type=\"widget\" data-widget_type=\"image.default\">\n\t\t\t\t<div class=\"elementor-widget-container\">\n\t\t\t\t\t\t\t\t\t\t\t\t\t\t\t<img loading=\"lazy\" decoding=\"async\" width=\"178\" height=\"131\" src=\"https:\/\/classiccarparts.be\/wp-content\/uploads\/2021\/07\/foto14.png\" class=\"attachment-large size-large\" alt=\"\" \/>\t\t\t\t\t\t\t\t\t\t\t\t\t\t\t<\/div>\n\t\t\t\t<\/div>\n\t\t\t\t<div class=\"elementor-element elementor-element-313d567 elementor-widget elementor-widget-image\" data-id=\"313d567\" data-element_type=\"widget\" data-widget_type=\"image.default\">\n\t\t\t\t<div class=\"elementor-widget-container\">\n\t\t\t\t\t\t\t\t\t\t\t\t\t\t\t<img loading=\"lazy\" decoding=\"async\" width=\"178\" height=\"130\" src=\"https:\/\/classiccarparts.be\/wp-content\/uploads\/2021\/07\/foto15.png\" class=\"attachment-large size-large\" alt=\"\" \/>\t\t\t\t\t\t\t\t\t\t\t\t\t\t\t<\/div>\n\t\t\t\t<\/div>\n\t\t\t\t\t<\/div>\n\t\t<\/div>\n\t\t\t\t\t\t\t<\/div>\n\t\t<\/section>\n\t\t\t\t\t<\/div>\n\t\t<\/div>\n\t\t\t\t\t\t\t<\/div>\n\t\t<\/section>\n\t\t\t\t\t\t<\/div>\n\t\t\t\t\t<\/div>\n\t\t","protected":false},"excerpt":{"rendered":"<p>Classic Car Parts Vente de pi\u00e8ces pour la r\u00e9novation et l&#8217;entretien de voitures de collection. Profiles et fournitures pour carrosserie, industrie et garnissages. Gamme compl\u00e8te des produits de r\u00e9novation et d&#8217;entretien BELGOM. Belgique &#8211; France &#8211; Luxembourg Accueil Classic Car Parts RV Profil Aussi en magasin Contact Tel + 32 (0)56 773 100 E-mail: info@rvprofil.be &#8230; <a title=\"Classiccarparts\" class=\"read-more\" href=\"https:\/\/classiccarparts.be\/?page_id=124\" aria-label=\"More on Classiccarparts\">Read more<\/a><\/p>\n","protected":false},"author":1,"featured_media":0,"parent":0,"menu_order":0,"comment_status":"closed","ping_status":"closed","template":"elementor_header_footer","meta":{"footnotes":""},"class_list":["post-124","page","type-page","status-publish"],"_links":{"self":[{"href":"https:\/\/classiccarparts.be\/index.php?rest_route=\/wp\/v2\/pages\/124","targetHints":{"allow":["GET"]}}],"collection":[{"href":"https:\/\/classiccarparts.be\/index.php?rest_route=\/wp\/v2\/pages"}],"about":[{"href":"https:\/\/classiccarparts.be\/index.php?rest_route=\/wp\/v2\/types\/page"}],"author":[{"embeddable":true,"href":"https:\/\/classiccarparts.be\/index.php?rest_route=\/wp\/v2\/users\/1"}],"replies":[{"embeddable":true,"href":"https:\/\/classiccarparts.be\/index.php?rest_route=%2Fwp%2Fv2%2Fcomments&post=124"}],"version-history":[{"count":33,"href":"https:\/\/classiccarparts.be\/index.php?rest_route=\/wp\/v2\/pages\/124\/revisions"}],"predecessor-version":[{"id":246,"href":"https:\/\/classiccarparts.be\/index.php?rest_route=\/wp\/v2\/pages\/124\/revisions\/246"}],"wp:attachment":[{"href":"https:\/\/classiccarparts.be\/index.php?rest_route=%2Fwp%2Fv2%2Fmedia&parent=124"}],"curies":[{"name":"wp","href":"https:\/\/api.w.org\/{rel}","templated":true}]}}