{"id":113,"date":"2021-07-07T11:28:28","date_gmt":"2021-07-07T11:28:28","guid":{"rendered":"https:\/\/classiccarparts.be\/?page_id=113"},"modified":"2021-09-24T14:43:22","modified_gmt":"2021-09-24T14:43:22","slug":"rvprofil","status":"publish","type":"page","link":"https:\/\/classiccarparts.be\/?page_id=113","title":{"rendered":"rvprofil"},"content":{"rendered":"\t\t<div data-elementor-type=\"wp-page\" data-elementor-id=\"113\" class=\"elementor elementor-113\" data-elementor-settings=\"[]\">\n\t\t\t\t\t\t\t<div class=\"elementor-section-wrap\">\n\t\t\t\t\t\t\t<section class=\"elementor-section elementor-top-section elementor-element elementor-element-5964257e elementor-section-height-min-height elementor-section-boxed elementor-section-height-default elementor-section-items-middle\" data-id=\"5964257e\" data-element_type=\"section\" data-settings=\"{&quot;background_background&quot;:&quot;classic&quot;}\">\n\t\t\t\t\t\t<div class=\"elementor-container elementor-column-gap-no\">\n\t\t\t\t\t<div class=\"elementor-column elementor-col-100 elementor-top-column elementor-element elementor-element-741a048f\" data-id=\"741a048f\" data-element_type=\"column\">\n\t\t\t<div class=\"elementor-widget-wrap elementor-element-populated\">\n\t\t\t\t\t\t\t\t<section class=\"elementor-section elementor-inner-section elementor-element elementor-element-63e76d9a elementor-section-boxed elementor-section-height-default elementor-section-height-default\" data-id=\"63e76d9a\" data-element_type=\"section\" data-settings=\"{&quot;background_background&quot;:&quot;classic&quot;}\">\n\t\t\t\t\t\t<div class=\"elementor-container elementor-column-gap-no\">\n\t\t\t\t\t<div class=\"elementor-column elementor-col-50 elementor-inner-column elementor-element elementor-element-4efe0eb5\" data-id=\"4efe0eb5\" data-element_type=\"column\" data-settings=\"{&quot;background_background&quot;:&quot;classic&quot;}\">\n\t\t\t<div class=\"elementor-widget-wrap elementor-element-populated\">\n\t\t\t\t\t\t\t\t<div class=\"elementor-element elementor-element-1e428bd4 elementor-widget elementor-widget-text-editor\" data-id=\"1e428bd4\" data-element_type=\"widget\" data-widget_type=\"text-editor.default\">\n\t\t\t\t<div class=\"elementor-widget-container\">\n\t\t\t\t\t\t\t\t<p><strong>Classic Car Parts<\/strong><\/p>\t\t\t\t\t\t<\/div>\n\t\t\t\t<\/div>\n\t\t\t\t\t<\/div>\n\t\t<\/div>\n\t\t\t\t<div class=\"elementor-column elementor-col-50 elementor-inner-column elementor-element elementor-element-375007fd\" data-id=\"375007fd\" data-element_type=\"column\" data-settings=\"{&quot;background_background&quot;:&quot;classic&quot;}\">\n\t\t\t<div class=\"elementor-widget-wrap elementor-element-populated\">\n\t\t\t\t\t\t\t\t<div class=\"elementor-element elementor-element-7baa78e7 elementor-widget elementor-widget-text-editor\" data-id=\"7baa78e7\" data-element_type=\"widget\" data-widget_type=\"text-editor.default\">\n\t\t\t\t<div class=\"elementor-widget-container\">\n\t\t\t\t\t\t\t\t<p><span style=\"color: #333300;\"><strong>Vente de pi\u00e8ces pour la r\u00e9novation et l&#8217;entretien de voitures de collection. <\/strong><\/span><br \/><span style=\"color: #333300;\"><strong>Profiles et fournitures pour carrosserie, industrie et garnissages.<\/strong><\/span><br \/><span style=\"color: #333300;\"><strong>Gamme compl\u00e8te des produits de r\u00e9novation et d&#8217;entretien BELGOM.<\/strong><\/span><br \/><span style=\"color: #ffffff;\"><strong>Belgique &#8211; France &#8211; Luxembourg<\/strong><\/span><\/p>\t\t\t\t\t\t<\/div>\n\t\t\t\t<\/div>\n\t\t\t\t\t<\/div>\n\t\t<\/div>\n\t\t\t\t\t\t\t<\/div>\n\t\t<\/section>\n\t\t\t\t\t<\/div>\n\t\t<\/div>\n\t\t\t\t\t\t\t<\/div>\n\t\t<\/section>\n\t\t\t\t<section class=\"elementor-section elementor-top-section elementor-element elementor-element-4ff833fd elementor-section-height-min-height elementor-section-boxed elementor-section-height-default elementor-section-items-middle\" data-id=\"4ff833fd\" data-element_type=\"section\" data-settings=\"{&quot;background_background&quot;:&quot;classic&quot;}\">\n\t\t\t\t\t\t<div class=\"elementor-container elementor-column-gap-no\">\n\t\t\t\t\t<div class=\"elementor-column elementor-col-100 elementor-top-column elementor-element elementor-element-47d23737\" data-id=\"47d23737\" data-element_type=\"column\">\n\t\t\t<div class=\"elementor-widget-wrap elementor-element-populated\">\n\t\t\t\t\t\t\t\t<section class=\"elementor-section elementor-inner-section elementor-element elementor-element-2f934c8f elementor-section-boxed elementor-section-height-default elementor-section-height-default\" data-id=\"2f934c8f\" data-element_type=\"section\">\n\t\t\t\t\t\t<div class=\"elementor-container elementor-column-gap-no\">\n\t\t\t\t\t<div class=\"elementor-column elementor-col-50 elementor-inner-column elementor-element elementor-element-7141bb39\" data-id=\"7141bb39\" data-element_type=\"column\">\n\t\t\t<div class=\"elementor-widget-wrap elementor-element-populated\">\n\t\t\t\t\t\t\t\t<div class=\"elementor-element elementor-element-f1ed6d5 elementor-widget elementor-widget-image\" data-id=\"f1ed6d5\" data-element_type=\"widget\" data-widget_type=\"image.default\">\n\t\t\t\t<div class=\"elementor-widget-container\">\n\t\t\t\t\t\t\t\t\t\t\t\t\t\t\t<img loading=\"lazy\" decoding=\"async\" width=\"914\" height=\"503\" src=\"https:\/\/classiccarparts.be\/wp-content\/uploads\/2021\/07\/foto16.png\" class=\"attachment-large size-large\" alt=\"\" srcset=\"https:\/\/classiccarparts.be\/wp-content\/uploads\/2021\/07\/foto16.png 914w, https:\/\/classiccarparts.be\/wp-content\/uploads\/2021\/07\/foto16-300x165.png 300w, https:\/\/classiccarparts.be\/wp-content\/uploads\/2021\/07\/foto16-768x423.png 768w\" sizes=\"auto, (max-width: 914px) 100vw, 914px\" \/>\t\t\t\t\t\t\t\t\t\t\t\t\t\t\t<\/div>\n\t\t\t\t<\/div>\n\t\t\t\t\t<\/div>\n\t\t<\/div>\n\t\t\t\t<div class=\"elementor-column elementor-col-50 elementor-inner-column elementor-element elementor-element-f758e89\" data-id=\"f758e89\" data-element_type=\"column\" data-settings=\"{&quot;background_background&quot;:&quot;classic&quot;}\">\n\t\t\t<div class=\"elementor-widget-wrap elementor-element-populated\">\n\t\t\t\t\t\t\t\t<div class=\"elementor-element elementor-element-7f63610f elementor-widget elementor-widget-text-editor\" data-id=\"7f63610f\" data-element_type=\"widget\" data-widget_type=\"text-editor.default\">\n\t\t\t\t<div class=\"elementor-widget-container\">\n\t\t\t\t\t\t\t\t<p style=\"text-align: left; padding-left: 80px;\"><span style=\"color: #ffffff;\"><a style=\"color: #ffffff;\" href=\"https:\/\/classiccarparts.be\"><strong>Accueil<\/strong><\/a><\/span><br \/><span style=\"color: #ffffff;\"><a style=\"color: #ffffff;\" href=\"https:\/\/classiccarparts.be\/?page_id=124\"><strong>Classic Car Parts<\/strong><\/a><\/span><br \/><span style=\"color: #ffffff;\"><a style=\"color: #ffffff;\" href=\"https:\/\/classiccarparts.be\/?page_id=113\"><strong>RV Profil<\/strong><\/a><\/span><br \/><span style=\"color: #ffffff;\"><a style=\"color: #ffffff;\" href=\"https:\/\/classiccarparts.be\/?page_id=132\"><strong>Aussi en magasin<\/strong><\/a><\/span><br \/><span style=\"color: #ffffff;\"><a style=\"color: #ffffff;\" href=\"mailto:rvprofil@skynet.be\"><strong>Contact<\/strong><\/a><\/span><\/p>\t\t\t\t\t\t<\/div>\n\t\t\t\t<\/div>\n\t\t\t\t<div class=\"elementor-element elementor-element-5790c8f6 elementor-widget elementor-widget-text-editor\" data-id=\"5790c8f6\" data-element_type=\"widget\" data-widget_type=\"text-editor.default\">\n\t\t\t\t<div class=\"elementor-widget-container\">\n\t\t\t\t\t\t\t\t<p style=\"text-align: center;\">Tel + 32 (0)56 773 100<br \/>E-mail: <strong><span style=\"color: #ffffff;\"><a style=\"color: #ffffff;\" href=\"mailto:info@rvprofil.be\">info@rvprofil.be<\/a><\/span><\/strong><\/p>\t\t\t\t\t\t<\/div>\n\t\t\t\t<\/div>\n\t\t\t\t\t<\/div>\n\t\t<\/div>\n\t\t\t\t\t\t\t<\/div>\n\t\t<\/section>\n\t\t\t\t\t<\/div>\n\t\t<\/div>\n\t\t\t\t\t\t\t<\/div>\n\t\t<\/section>\n\t\t\t\t<section class=\"elementor-section elementor-top-section elementor-element elementor-element-77f8215e elementor-section-boxed elementor-section-height-default elementor-section-height-default\" data-id=\"77f8215e\" data-element_type=\"section\" data-settings=\"{&quot;background_background&quot;:&quot;classic&quot;}\">\n\t\t\t\t\t\t<div class=\"elementor-container elementor-column-gap-no\">\n\t\t\t\t\t<div class=\"elementor-column elementor-col-100 elementor-top-column elementor-element elementor-element-6a1c77c5\" data-id=\"6a1c77c5\" data-element_type=\"column\" data-settings=\"{&quot;background_background&quot;:&quot;classic&quot;}\">\n\t\t\t<div class=\"elementor-widget-wrap elementor-element-populated\">\n\t\t\t\t\t\t\t\t<section class=\"elementor-section elementor-inner-section elementor-element elementor-element-2f42250d elementor-section-boxed elementor-section-height-default elementor-section-height-default\" data-id=\"2f42250d\" data-element_type=\"section\">\n\t\t\t\t\t\t<div class=\"elementor-container elementor-column-gap-default\">\n\t\t\t\t\t<div class=\"elementor-column elementor-col-50 elementor-inner-column elementor-element elementor-element-3793f622\" data-id=\"3793f622\" data-element_type=\"column\" data-settings=\"{&quot;background_background&quot;:&quot;classic&quot;}\">\n\t\t\t<div class=\"elementor-widget-wrap elementor-element-populated\">\n\t\t\t\t\t\t\t\t<div class=\"elementor-element elementor-element-696b5dce elementor-widget elementor-widget-text-editor\" data-id=\"696b5dce\" data-element_type=\"widget\" data-widget_type=\"text-editor.default\">\n\t\t\t\t<div class=\"elementor-widget-container\">\n\t\t\t\t\t\t\t\t<h6><span style=\"color: #ffffff;\"><a style=\"color: #ffffff;\" href=\"https:\/\/classiccarparts.be\/wp-content\/uploads\/2021\/07\/RVprofil_catalogue.pdf\"><b>TELECHARGEZ NOTRE CATALOGUE ICI<\/b><\/a><\/span><\/h6>\t\t\t\t\t\t<\/div>\n\t\t\t\t<\/div>\n\t\t\t\t\t<\/div>\n\t\t<\/div>\n\t\t\t\t<div class=\"elementor-column elementor-col-50 elementor-inner-column elementor-element elementor-element-cee536c\" data-id=\"cee536c\" data-element_type=\"column\" data-settings=\"{&quot;background_background&quot;:&quot;classic&quot;}\">\n\t\t\t<div class=\"elementor-widget-wrap elementor-element-populated\">\n\t\t\t\t\t\t\t\t<div class=\"elementor-element elementor-element-39e0d223 elementor-widget elementor-widget-text-editor\" data-id=\"39e0d223\" data-element_type=\"widget\" data-widget_type=\"text-editor.default\">\n\t\t\t\t<div class=\"elementor-widget-container\">\n\t\t\t\t\t\t\t\t<h6><span style=\"color: #333300;\"><strong>Fournitures g\u00e9n\u00e9rales pour l&#8217;automobile de collection et profil\u00e9s pour l&#8217;industrie, le nautisme, l&#8217;a\u00e9ronautique.<\/strong><\/span><\/h6>\t\t\t\t\t\t<\/div>\n\t\t\t\t<\/div>\n\t\t\t\t\t<\/div>\n\t\t<\/div>\n\t\t\t\t\t\t\t<\/div>\n\t\t<\/section>\n\t\t\t\t<section class=\"elementor-section elementor-inner-section elementor-element elementor-element-67196285 elementor-section-boxed elementor-section-height-default elementor-section-height-default\" data-id=\"67196285\" data-element_type=\"section\">\n\t\t\t\t\t\t<div class=\"elementor-container elementor-column-gap-no\">\n\t\t\t\t\t<div class=\"elementor-column elementor-col-33 elementor-inner-column elementor-element elementor-element-2fa46c2\" data-id=\"2fa46c2\" data-element_type=\"column\" data-settings=\"{&quot;background_background&quot;:&quot;classic&quot;}\">\n\t\t\t<div class=\"elementor-widget-wrap elementor-element-populated\">\n\t\t\t\t\t\t\t\t<div class=\"elementor-element elementor-element-500b3cc1 elementor-widget elementor-widget-image\" data-id=\"500b3cc1\" data-element_type=\"widget\" data-widget_type=\"image.default\">\n\t\t\t\t<div class=\"elementor-widget-container\">\n\t\t\t\t\t\t\t\t\t\t\t\t\t\t\t<img decoding=\"async\" src=\"https:\/\/classiccarparts.be\/wp-content\/uploads\/elementor\/thumbs\/foto19-p9ra5nq47dboogfof0sefk89o9zimr3wj64xjxj9vk.png\" title=\"foto19\" alt=\"foto19\" \/>\t\t\t\t\t\t\t\t\t\t\t\t\t\t\t<\/div>\n\t\t\t\t<\/div>\n\t\t\t\t\t<\/div>\n\t\t<\/div>\n\t\t\t\t<div class=\"elementor-column elementor-col-33 elementor-inner-column elementor-element elementor-element-786c96e5\" data-id=\"786c96e5\" data-element_type=\"column\" data-settings=\"{&quot;background_background&quot;:&quot;classic&quot;}\">\n\t\t\t<div class=\"elementor-widget-wrap elementor-element-populated\">\n\t\t\t\t\t\t\t\t<div class=\"elementor-element elementor-element-74b7ffa elementor-widget elementor-widget-image\" data-id=\"74b7ffa\" data-element_type=\"widget\" data-widget_type=\"image.default\">\n\t\t\t\t<div class=\"elementor-widget-container\">\n\t\t\t\t\t\t\t\t\t\t\t\t\t\t\t<img loading=\"lazy\" decoding=\"async\" width=\"181\" height=\"135\" src=\"https:\/\/classiccarparts.be\/wp-content\/uploads\/2021\/07\/foto20.png\" class=\"attachment-large size-large\" alt=\"\" \/>\t\t\t\t\t\t\t\t\t\t\t\t\t\t\t<\/div>\n\t\t\t\t<\/div>\n\t\t\t\t<div class=\"elementor-element elementor-element-c9cc476 elementor-widget elementor-widget-image\" data-id=\"c9cc476\" data-element_type=\"widget\" data-widget_type=\"image.default\">\n\t\t\t\t<div class=\"elementor-widget-container\">\n\t\t\t\t\t\t\t\t\t\t\t\t\t\t\t<img loading=\"lazy\" decoding=\"async\" width=\"177\" height=\"131\" src=\"https:\/\/classiccarparts.be\/wp-content\/uploads\/2021\/07\/foto21.png\" class=\"attachment-large size-large\" alt=\"\" \/>\t\t\t\t\t\t\t\t\t\t\t\t\t\t\t<\/div>\n\t\t\t\t<\/div>\n\t\t\t\t<div class=\"elementor-element elementor-element-05a7b51 elementor-widget elementor-widget-image\" data-id=\"05a7b51\" data-element_type=\"widget\" data-widget_type=\"image.default\">\n\t\t\t\t<div class=\"elementor-widget-container\">\n\t\t\t\t\t\t\t\t\t\t\t\t\t\t\t<img loading=\"lazy\" decoding=\"async\" width=\"177\" height=\"133\" src=\"https:\/\/classiccarparts.be\/wp-content\/uploads\/2021\/07\/foto22.png\" class=\"attachment-large size-large\" alt=\"\" \/>\t\t\t\t\t\t\t\t\t\t\t\t\t\t\t<\/div>\n\t\t\t\t<\/div>\n\t\t\t\t\t<\/div>\n\t\t<\/div>\n\t\t\t\t<div class=\"elementor-column elementor-col-33 elementor-inner-column elementor-element elementor-element-4f940b53\" data-id=\"4f940b53\" data-element_type=\"column\" data-settings=\"{&quot;background_background&quot;:&quot;classic&quot;}\">\n\t\t\t<div class=\"elementor-widget-wrap elementor-element-populated\">\n\t\t\t\t\t\t\t\t<div class=\"elementor-element elementor-element-78606dc6 elementor-widget elementor-widget-text-editor\" data-id=\"78606dc6\" data-element_type=\"widget\" data-widget_type=\"text-editor.default\">\n\t\t\t\t<div class=\"elementor-widget-container\">\n\t\t\t\t\t\t\t\t<p><strong>Joints plats, en U, en S, en L&#8230;<\/strong> <span style=\"color: #ffffff;\">mais aussi joints sp\u00e9ciaux pour automobiles et utilitaires. Joints de finition et d&#8217;\u00e9tanch\u00e9it\u00e9 pour portes m\u00e9talliques, cabines, coffres, etc&#8230; Profils sp\u00e9ciaux pour voitures de collection (europ\u00e9ennes et am\u00e9ricaines)<\/span><\/p>\t\t\t\t\t\t<\/div>\n\t\t\t\t<\/div>\n\t\t\t\t<div class=\"elementor-element elementor-element-a70cf11 elementor-widget elementor-widget-text-editor\" data-id=\"a70cf11\" data-element_type=\"widget\" data-widget_type=\"text-editor.default\">\n\t\t\t\t<div class=\"elementor-widget-container\">\n\t\t\t\t\t\t\t\t<p>Tous profils : caoutchouc spongieux et cellulaire<br \/><span style=\"color: #ffffff;\">Section rondes, carr\u00e9es, rectangulaires&#8230; Etanch\u00e9it\u00e9 pour porti\u00e8res, coffres, capots&#8230; Joints sp\u00e9cifiques (modul\u00e9s ou au m\u00e8tre) pour automobile, industrie et nautisme. Plus de 200 r\u00e9f\u00e9rences disponibles en stock.<\/span><\/p>\t\t\t\t\t\t<\/div>\n\t\t\t\t<\/div>\n\t\t\t\t<div class=\"elementor-element elementor-element-a3b93fb elementor-widget elementor-widget-text-editor\" data-id=\"a3b93fb\" data-element_type=\"widget\" data-widget_type=\"text-editor.default\">\n\t\t\t\t<div class=\"elementor-widget-container\">\n\t\t\t\t\t\t\t\t<p>Profils de vitrage<br \/><span style=\"color: #ffffff;\">avec ou sans &#8220;cl\u00e9&#8221;, pour vitre lat\u00e9rales, pare-brise, lunette arri\u00e8re, &#8220;soud\u00e9s&#8221; ou au m\u00e8tre. Joints de pare-brise d&#8217;origine pour voitures anciennes, joints sp\u00e9ciaux pour carrosserie industrielle et engins de g\u00e9nie civil, camping-cars, bateaux, etc.<\/span><\/p>\t\t\t\t\t\t<\/div>\n\t\t\t\t<\/div>\n\t\t\t\t\t<\/div>\n\t\t<\/div>\n\t\t\t\t\t\t\t<\/div>\n\t\t<\/section>\n\t\t\t\t<section class=\"elementor-section elementor-inner-section elementor-element elementor-element-163190f3 elementor-section-boxed elementor-section-height-default elementor-section-height-default\" data-id=\"163190f3\" data-element_type=\"section\">\n\t\t\t\t\t\t<div class=\"elementor-container elementor-column-gap-no\">\n\t\t\t\t\t<div class=\"elementor-column elementor-col-50 elementor-inner-column elementor-element elementor-element-1857f7b6\" data-id=\"1857f7b6\" data-element_type=\"column\" data-settings=\"{&quot;background_background&quot;:&quot;classic&quot;}\">\n\t\t\t<div class=\"elementor-widget-wrap\">\n\t\t\t\t\t\t\t\t\t<\/div>\n\t\t<\/div>\n\t\t\t\t<div class=\"elementor-column elementor-col-50 elementor-inner-column elementor-element elementor-element-3378e21b\" data-id=\"3378e21b\" data-element_type=\"column\" data-settings=\"{&quot;background_background&quot;:&quot;classic&quot;}\">\n\t\t\t<div class=\"elementor-widget-wrap elementor-element-populated\">\n\t\t\t\t\t\t\t\t<div class=\"elementor-element elementor-element-7c09a43d elementor-widget elementor-widget-text-editor\" data-id=\"7c09a43d\" data-element_type=\"widget\" data-widget_type=\"text-editor.default\">\n\t\t\t\t<div class=\"elementor-widget-container\">\n\t\t\t\t\t\t\t\t<p style=\"text-align: center;\">Profils sp\u00e9cifiques pour nombreuses marques de voitures anciennes<\/p>\t\t\t\t\t\t<\/div>\n\t\t\t\t<\/div>\n\t\t\t\t<div class=\"elementor-element elementor-element-849b7f7 elementor-widget elementor-widget-text-editor\" data-id=\"849b7f7\" data-element_type=\"widget\" data-widget_type=\"text-editor.default\">\n\t\t\t\t<div class=\"elementor-widget-container\">\n\t\t\t\t\t\t\t\t<p>AC<br \/>Alfa Romeo<br \/>Alpine<br \/>Aston Martin<br \/>Bentley<br \/>Bertone<br \/>BMW<br \/>Bristol<br \/>Bugatti<br \/>Buick<br \/>Cadillac<br \/>Chevrolet<br \/>Chrysler<br \/>Citro\u00ebn<br \/>Dodge<br \/>Facel Vega<br \/>Ferrari<br \/>Fiat<br \/>Ford<br \/>Honda<br \/>Jaguar<br \/>Jeep<br \/>Lamborghini<br \/>Lancia<br \/>Land Rover<br \/>Ligier Lotus<br \/>Matra<br \/>Maserati<br \/>Mercedes<br \/>Mercury<br \/>MG<br \/>Mini<br \/>Morgan<br \/>Oldmobile<br \/>Opel<br \/>Panhard<br \/>Peugeot<br \/>Pininfarina<br \/>Pontiac<br \/>Porsche<br \/>Renault<br \/>Rolls-Royce<br \/>Rover<br \/>Saab<br \/>Seat<br \/>Sunbeam<br \/>Simca<br \/>Triumph<br \/>Volvo<br \/>Volkswagen<br \/>etc..<\/p>\t\t\t\t\t\t<\/div>\n\t\t\t\t<\/div>\n\t\t\t\t\t<\/div>\n\t\t<\/div>\n\t\t\t\t\t\t\t<\/div>\n\t\t<\/section>\n\t\t\t\t\t<\/div>\n\t\t<\/div>\n\t\t\t\t\t\t\t<\/div>\n\t\t<\/section>\n\t\t\t\t\t\t<\/div>\n\t\t\t\t\t<\/div>\n\t\t","protected":false},"excerpt":{"rendered":"<p>Classic Car Parts Vente de pi\u00e8ces pour la r\u00e9novation et l&#8217;entretien de voitures de collection. Profiles et fournitures pour carrosserie, industrie et garnissages.Gamme compl\u00e8te des produits de r\u00e9novation et d&#8217;entretien BELGOM.Belgique &#8211; France &#8211; Luxembourg AccueilClassic Car PartsRV ProfilAussi en magasinContact Tel + 32 (0)56 773 100E-mail: info@rvprofil.be TELECHARGEZ NOTRE CATALOGUE ICI Fournitures g\u00e9n\u00e9rales pour &#8230; <a title=\"rvprofil\" class=\"read-more\" href=\"https:\/\/classiccarparts.be\/?page_id=113\" aria-label=\"More on rvprofil\">Read more<\/a><\/p>\n","protected":false},"author":1,"featured_media":0,"parent":0,"menu_order":0,"comment_status":"closed","ping_status":"closed","template":"elementor_header_footer","meta":{"footnotes":""},"class_list":["post-113","page","type-page","status-publish"],"_links":{"self":[{"href":"https:\/\/classiccarparts.be\/index.php?rest_route=\/wp\/v2\/pages\/113","targetHints":{"allow":["GET"]}}],"collection":[{"href":"https:\/\/classiccarparts.be\/index.php?rest_route=\/wp\/v2\/pages"}],"about":[{"href":"https:\/\/classiccarparts.be\/index.php?rest_route=\/wp\/v2\/types\/page"}],"author":[{"embeddable":true,"href":"https:\/\/classiccarparts.be\/index.php?rest_route=\/wp\/v2\/users\/1"}],"replies":[{"embeddable":true,"href":"https:\/\/classiccarparts.be\/index.php?rest_route=%2Fwp%2Fv2%2Fcomments&post=113"}],"version-history":[{"count":34,"href":"https:\/\/classiccarparts.be\/index.php?rest_route=\/wp\/v2\/pages\/113\/revisions"}],"predecessor-version":[{"id":255,"href":"https:\/\/classiccarparts.be\/index.php?rest_route=\/wp\/v2\/pages\/113\/revisions\/255"}],"wp:attachment":[{"href":"https:\/\/classiccarparts.be\/index.php?rest_route=%2Fwp%2Fv2%2Fmedia&parent=113"}],"curies":[{"name":"wp","href":"https:\/\/api.w.org\/{rel}","templated":true}]}}